{"id":163,"date":"2018-08-01T16:10:04","date_gmt":"2018-08-01T14:10:04","guid":{"rendered":"https:\/\/www.ordination-steindl.at\/orthopaedie\/?page_id=163"},"modified":"2025-07-10T12:30:54","modified_gmt":"2025-07-10T10:30:54","slug":"allgemeine-orthopaedie","status":"publish","type":"page","link":"https:\/\/www.ordination-steindl.at\/orthopaedie\/allgemeine-orthopaedie\/","title":{"rendered":"Allgemeine Orthop\u00e4die"},"content":{"rendered":"<p>[vc_row css_animation=&#8220;&#8220; row_type=&#8220;row&#8220; use_row_as_full_screen_section=&#8220;no&#8220; type=&#8220;full_width&#8220; angled_section=&#8220;no&#8220; text_align=&#8220;left&#8220; background_image_as_pattern=&#8220;without_pattern&#8220;][vc_column][vc_empty_space][vc_column_text]<\/p>\n<h1><span style=\"color: #c8d400;\">a<\/span>llgemeine orthop\u00e4die<\/h1>\n<p>[\/vc_column_text][vc_separator type=&#8220;normal&#8220; color=&#8220;#c8d400&#8243; thickness=&#8220;25px&#8220; el_class=&#8220;hline20&#8243;][vc_empty_space][\/vc_column][\/vc_row][vc_row css_animation=&#8220;&#8220; row_type=&#8220;row&#8220; use_row_as_full_screen_section=&#8220;no&#8220; type=&#8220;grid&#8220; angled_section=&#8220;no&#8220; text_align=&#8220;left&#8220; background_image_as_pattern=&#8220;without_pattern&#8220; z_index=&#8220;&#8220;][vc_column][vc_row_inner row_type=&#8220;row&#8220; type=&#8220;full_width&#8220; text_align=&#8220;left&#8220; css_animation=&#8220;&#8220;][vc_column_inner][vc_column_text css=&#8220;.vc_custom_1533132590340{margin-bottom: -5px !important;}&#8220;]Gerne k\u00fcmmere ich mich um Ihr orthop\u00e4disches Anliegen.[\/vc_column_text][\/vc_column_inner][\/vc_row_inner][vc_empty_space height=&#8220;40&#8243;][vc_row_inner row_type=&#8220;row&#8220; type=&#8220;full_width&#8220; text_align=&#8220;left&#8220; css_animation=&#8220;&#8220;][vc_column_inner width=&#8220;1\/4&#8243;][vc_column_text]<\/p>\n<h2><span style=\"color: #445055;\">konservativ<\/span><\/h2>\n<p>[\/vc_column_text][vc_separator type=&#8220;normal&#8220; color=&#8220;#c8d400&#8243; thickness=&#8220;25px&#8220; el_class=&#8220;hline20&#8243;][\/vc_column_inner][vc_column_inner width=&#8220;3\/4&#8243;][qode_elements_holder number_of_columns=&#8220;one_column&#8220;][qode_elements_holder_item vertical_alignment=&#8220;top&#8220; advanced_animations=&#8220;no&#8220; item_padding=&#8220;-50px 0px 0px 0px&#8220;]<div class='service_table_holder'><ul class='service_table_inner'><li class='service_table_title_holder background_color_type' style='background-color: #f6f6f6;'><div class='service_table_title_inner'><div class='service_table_title_inner2'><\/div><\/div><\/li><li class='service_table_content' style='background-color: #f6f6f6;'><\/p>\n<ul>\n<li style=\"text-align: left;\">Orthop\u00e4dische Schmerztherapie<\/li>\n<li style=\"text-align: left;\">Arthrosetherapie (Hyalurons\u00e4ure \u2013 \u201eKnorpelaufbau\u201c)<\/li>\n<li style=\"text-align: left;\">Elektrohydraulische\u00a0<a href=\"\/orthopaedie\/stosswelle\/\">Stosswelle<\/a><\/li>\n<li style=\"text-align: left;\">Verordnung von orthop\u00e4dischen Hilfsmitteln (Einlagen, Orthese, etc.)<\/li>\n<li style=\"text-align: left;\">Arthrex &#8211; ACP Therapie (Autologes Conditioniertes Plasma &#8211; \u201eEigenbluttherapie\u201c)<\/li>\n<li style=\"text-align: left;\">Neuroorthop\u00e4die oder Versorgung euroorthop\u00e4discher Krankheitsbilder bei Kindern und Erwachsenen<\/li>\n<\/ul>\n<p><\/li><\/ul><\/div>[\/qode_elements_holder_item][\/qode_elements_holder][\/vc_column_inner][\/vc_row_inner][vc_empty_space height=&#8220;40&#8243;][vc_row_inner row_type=&#8220;row&#8220; type=&#8220;full_width&#8220; text_align=&#8220;left&#8220; css_animation=&#8220;&#8220;][vc_column_inner width=&#8220;1\/4&#8243;][vc_column_text]<\/p>\n<h2><span style=\"color: #445055;\">operativ<\/span><\/h2>\n<p>[\/vc_column_text][vc_separator type=&#8220;normal&#8220; color=&#8220;#c8d400&#8243; thickness=&#8220;25px&#8220; el_class=&#8220;hline20&#8243;][\/vc_column_inner][vc_column_inner width=&#8220;3\/4&#8243;][vc_column_text]Sollte eine Operation notwendig sein, werde ich diese \u2013 sofern m\u00f6glich \u2013 im Landesklinikum Scheibbs selbst durchf\u00fchren.<br \/>\nDa aber nicht jede Operation \u00fcberall angeboten werden kann, werde ich Sie in einem solchen Fall an eine geeignete Stelle weiter verweisen.[\/vc_column_text][\/vc_column_inner][\/vc_row_inner][\/vc_column][\/vc_row][vc_row css_animation=&#8220;&#8220; row_type=&#8220;row&#8220; use_row_as_full_screen_section=&#8220;no&#8220; type=&#8220;full_width&#8220; angled_section=&#8220;no&#8220; text_align=&#8220;left&#8220; background_image_as_pattern=&#8220;without_pattern&#8220;][vc_column][vc_empty_space][vc_row_inner row_type=&#8220;row&#8220; type=&#8220;full_width&#8220; text_align=&#8220;left&#8220; css_animation=&#8220;&#8220;][vc_column_inner width=&#8220;1\/2&#8243; offset=&#8220;vc_col-lg-offset-0 vc_col-lg-6 vc_col-md-offset-0 vc_col-md-6 vc_col-sm-offset-0 vc_col-xs-12&#8243; css=&#8220;.vc_custom_1545920076055{border-right-width: 4px !important;padding-right: 30px !important;border-right-color: #c8d400 !important;border-right-style: solid !important;}&#8220;][vc_single_image image=&#8220;233&#8243; img_size=&#8220;full&#8220; alignment=&#8220;right&#8220; style=&#8220;vc_box_shadow&#8220; qode_css_animation=&#8220;&#8220; css=&#8220;.vc_custom_1536863031175{padding-right: 5px !important;}&#8220;][vc_empty_space][vc_single_image image=&#8220;381&#8243; img_size=&#8220;full&#8220; alignment=&#8220;right&#8220; style=&#8220;vc_box_shadow&#8220; qode_css_animation=&#8220;&#8220; css=&#8220;.vc_custom_1545919729769{padding-right: 5px !important;}&#8220;][vc_empty_space][vc_single_image image=&#8220;234&#8243; img_size=&#8220;full&#8220; alignment=&#8220;right&#8220; style=&#8220;vc_box_shadow&#8220; qode_css_animation=&#8220;&#8220; css=&#8220;.vc_custom_1536863040940{padding-right: 5px !important;}&#8220;][vc_empty_space][\/vc_column_inner][vc_column_inner width=&#8220;1\/2&#8243; css=&#8220;.vc_custom_1545920113559{margin-left: 30px !important;}&#8220;][vc_column_text]<\/p>\n<h2><span style=\"color: #c8d400;\">h<\/span>and<\/h2>\n<p>Karpaltunnelsyndrom<\/p>\n<p>Ringbandspaltung[\/vc_column_text][vc_separator type=&#8220;normal&#8220; color=&#8220;#a1abb1&#8243; el_class=&#8220;hline60&#8243;][vc_column_text]<\/p>\n<h2 style=\"text-align: left;\"><span style=\"color: #c8d400;\">h<\/span>\u00fcfte<\/h2>\n<p>H\u00fcfttotalendoprothese[\/vc_column_text][vc_separator type=&#8220;normal&#8220; color=&#8220;#a1abb1&#8243; el_class=&#8220;hline60&#8243;][vc_column_text]<\/p>\n<h2 style=\"text-align: left;\"><span style=\"color: #c8d400;\">k<\/span>nie<\/h2>\n<p style=\"text-align: left;\">Arthoskopie des Kniegelenkes<\/p>\n<p>Knieendoprothetik (Totalendoprothese, Teilendoprothese \u201eHalbschlitten\u201c)[\/vc_column_text][vc_separator type=&#8220;normal&#8220; color=&#8220;#a1abb1&#8243; el_class=&#8220;hline60&#8243;][vc_column_text]<\/p>\n<h2><span style=\"color: #c8d400;\">f<\/span>u\u00df<\/h2>\n<p>Vorfu\u00dfchirurgie (Hallux valgus, Hallux rigidus, Digitus quietus varus, Trochlearesektion, PIP-Arthrodese, Weil-Osteotomie, Sehentransfer, Lapidusarthrodese)<\/p>\n<p>Achillessehnenrekonstruktion und Haglundexostosenabtragung[\/vc_column_text][vc_empty_space][\/vc_column_inner][\/vc_row_inner][\/vc_column][\/vc_row][vc_row css_animation=&#8220;&#8220; row_type=&#8220;row&#8220; use_row_as_full_screen_section=&#8220;no&#8220; type=&#8220;full_width&#8220; angled_section=&#8220;no&#8220; text_align=&#8220;left&#8220; background_image_as_pattern=&#8220;without_pattern&#8220;][vc_column][vc_empty_space][\/vc_column][\/vc_row]<\/p>\n","protected":false},"excerpt":{"rendered":"<p>[vc_row css_animation=&#8220;&#8220; row_type=&#8220;row&#8220; use_row_as_full_screen_section=&#8220;no&#8220; type=&#8220;full_width&#8220; angled_section=&#8220;no&#8220; text_align=&#8220;left&#8220; background_image_as_pattern=&#8220;without_pattern&#8220;][vc_column][vc_empty_space][vc_column_text] allgemeine orthop\u00e4die [\/vc_column_text][vc_separator type=&#8220;normal&#8220; color=&#8220;#c8d400&#8243; thickness=&#8220;25px&#8220; el_class=&#8220;hline20&#8243;][vc_empty_space][\/vc_column][\/vc_row][vc_row css_animation=&#8220;&#8220; row_type=&#8220;row&#8220; use_row_as_full_screen_section=&#8220;no&#8220; type=&#8220;grid&#8220; angled_section=&#8220;no&#8220; text_align=&#8220;left&#8220; background_image_as_pattern=&#8220;without_pattern&#8220; z_index=&#8220;&#8220;][vc_column][vc_row_inner row_type=&#8220;row&#8220; type=&#8220;full_width&#8220; text_align=&#8220;left&#8220; css_animation=&#8220;&#8220;][vc_column_inner][vc_column_text css=&#8220;.vc_custom_1533132590340{margin-bottom: -5px !important;}&#8220;]Gerne k\u00fcmmere ich mich um Ihr orthop\u00e4disches Anliegen.[\/vc_column_text][\/vc_column_inner][\/vc_row_inner][vc_empty_space height=&#8220;40&#8243;][vc_row_inner row_type=&#8220;row&#8220; type=&#8220;full_width&#8220; text_align=&#8220;left&#8220; css_animation=&#8220;&#8220;][vc_column_inner width=&#8220;1\/4&#8243;][vc_column_text] konservativ [\/vc_column_text][vc_separator&#8230;<\/p>\n","protected":false},"author":2,"featured_media":0,"parent":0,"menu_order":0,"comment_status":"closed","ping_status":"closed","template":"","meta":{"footnotes":""},"class_list":["post-163","page","type-page","status-publish","hentry"],"yoast_head":"<!-- This site is optimized with the Yoast SEO plugin v26.6 - https:\/\/yoast.com\/wordpress\/plugins\/seo\/ -->\n<title>Allgemeine Orthop\u00e4die - Dr. Eva M. Steindl | Orthop\u00e4die<\/title>\n<meta name=\"description\" content=\"Wahlarzt-Ordination f\u00fcr Orthop\u00e4die in 3300 Amstetten von Dr. Eva-Maria Steindl\" \/>\n<meta name=\"robots\" content=\"index, follow, max-snippet:-1, max-image-preview:large, max-video-preview:-1\" \/>\n<link rel=\"canonical\" href=\"https:\/\/www.ordination-steindl.at\/orthopaedie\/allgemeine-orthopaedie\/\" \/>\n<meta property=\"og:locale\" content=\"de_DE\" \/>\n<meta property=\"og:type\" content=\"article\" \/>\n<meta property=\"og:title\" content=\"Allgemeine Orthop\u00e4die - Dr. Eva M. Steindl | Orthop\u00e4die\" \/>\n<meta property=\"og:description\" content=\"Wahlarzt-Ordination f\u00fcr Orthop\u00e4die in 3300 Amstetten von Dr. Eva-Maria Steindl\" \/>\n<meta property=\"og:url\" content=\"https:\/\/www.ordination-steindl.at\/orthopaedie\/allgemeine-orthopaedie\/\" \/>\n<meta property=\"og:site_name\" content=\"Dr. Eva M. Steindl | Orthop\u00e4die\" \/>\n<meta property=\"article:modified_time\" content=\"2025-07-10T10:30:54+00:00\" \/>\n<meta property=\"og:image\" content=\"https:\/\/www.ordination-steindl.at\/orthopaedie\/wp-content\/uploads\/sites\/2\/2018\/09\/Screenshot_FB.png\" \/>\n\t<meta property=\"og:image:width\" content=\"1457\" \/>\n\t<meta property=\"og:image:height\" content=\"765\" \/>\n\t<meta property=\"og:image:type\" content=\"image\/png\" \/>\n<meta name=\"twitter:card\" content=\"summary_large_image\" \/>\n<meta name=\"twitter:label1\" content=\"Gesch\u00e4tzte Lesezeit\" \/>\n\t<meta name=\"twitter:data1\" content=\"2\u00a0Minuten\" \/>\n<script type=\"application\/ld+json\" class=\"yoast-schema-graph\">{\"@context\":\"https:\/\/schema.org\",\"@graph\":[{\"@type\":\"WebPage\",\"@id\":\"https:\/\/www.ordination-steindl.at\/orthopaedie\/allgemeine-orthopaedie\/\",\"url\":\"https:\/\/www.ordination-steindl.at\/orthopaedie\/allgemeine-orthopaedie\/\",\"name\":\"Allgemeine Orthop\u00e4die - Dr. Eva M. Steindl | Orthop\u00e4die\",\"isPartOf\":{\"@id\":\"https:\/\/www.ordination-steindl.at\/orthopaedie\/#website\"},\"datePublished\":\"2018-08-01T14:10:04+00:00\",\"dateModified\":\"2025-07-10T10:30:54+00:00\",\"description\":\"Wahlarzt-Ordination f\u00fcr Orthop\u00e4die in 3300 Amstetten von Dr. Eva-Maria Steindl\",\"breadcrumb\":{\"@id\":\"https:\/\/www.ordination-steindl.at\/orthopaedie\/allgemeine-orthopaedie\/#breadcrumb\"},\"inLanguage\":\"de\",\"potentialAction\":[{\"@type\":\"ReadAction\",\"target\":[\"https:\/\/www.ordination-steindl.at\/orthopaedie\/allgemeine-orthopaedie\/\"]}]},{\"@type\":\"BreadcrumbList\",\"@id\":\"https:\/\/www.ordination-steindl.at\/orthopaedie\/allgemeine-orthopaedie\/#breadcrumb\",\"itemListElement\":[{\"@type\":\"ListItem\",\"position\":1,\"name\":\"Startseite\",\"item\":\"https:\/\/www.ordination-steindl.at\/orthopaedie\/\"},{\"@type\":\"ListItem\",\"position\":2,\"name\":\"Allgemeine Orthop\u00e4die\"}]},{\"@type\":\"WebSite\",\"@id\":\"https:\/\/www.ordination-steindl.at\/orthopaedie\/#website\",\"url\":\"https:\/\/www.ordination-steindl.at\/orthopaedie\/\",\"name\":\"Dr. Eva M. Steindl | Orthop\u00e4die\",\"description\":\"Kinderorthop\u00e4die | Sto\u00dfwellentherapie\",\"potentialAction\":[{\"@type\":\"SearchAction\",\"target\":{\"@type\":\"EntryPoint\",\"urlTemplate\":\"https:\/\/www.ordination-steindl.at\/orthopaedie\/?s={search_term_string}\"},\"query-input\":{\"@type\":\"PropertyValueSpecification\",\"valueRequired\":true,\"valueName\":\"search_term_string\"}}],\"inLanguage\":\"de\"}]}<\/script>\n<!-- \/ Yoast SEO plugin. -->","yoast_head_json":{"title":"Allgemeine Orthop\u00e4die - Dr. Eva M. Steindl | Orthop\u00e4die","description":"Wahlarzt-Ordination f\u00fcr Orthop\u00e4die in 3300 Amstetten von Dr. Eva-Maria Steindl","robots":{"index":"index","follow":"follow","max-snippet":"max-snippet:-1","max-image-preview":"max-image-preview:large","max-video-preview":"max-video-preview:-1"},"canonical":"https:\/\/www.ordination-steindl.at\/orthopaedie\/allgemeine-orthopaedie\/","og_locale":"de_DE","og_type":"article","og_title":"Allgemeine Orthop\u00e4die - Dr. Eva M. Steindl | Orthop\u00e4die","og_description":"Wahlarzt-Ordination f\u00fcr Orthop\u00e4die in 3300 Amstetten von Dr. Eva-Maria Steindl","og_url":"https:\/\/www.ordination-steindl.at\/orthopaedie\/allgemeine-orthopaedie\/","og_site_name":"Dr. Eva M. Steindl | Orthop\u00e4die","article_modified_time":"2025-07-10T10:30:54+00:00","og_image":[{"width":1457,"height":765,"url":"https:\/\/www.ordination-steindl.at\/orthopaedie\/wp-content\/uploads\/sites\/2\/2018\/09\/Screenshot_FB.png","type":"image\/png"}],"twitter_card":"summary_large_image","twitter_misc":{"Gesch\u00e4tzte Lesezeit":"2\u00a0Minuten"},"schema":{"@context":"https:\/\/schema.org","@graph":[{"@type":"WebPage","@id":"https:\/\/www.ordination-steindl.at\/orthopaedie\/allgemeine-orthopaedie\/","url":"https:\/\/www.ordination-steindl.at\/orthopaedie\/allgemeine-orthopaedie\/","name":"Allgemeine Orthop\u00e4die - Dr. Eva M. Steindl | Orthop\u00e4die","isPartOf":{"@id":"https:\/\/www.ordination-steindl.at\/orthopaedie\/#website"},"datePublished":"2018-08-01T14:10:04+00:00","dateModified":"2025-07-10T10:30:54+00:00","description":"Wahlarzt-Ordination f\u00fcr Orthop\u00e4die in 3300 Amstetten von Dr. Eva-Maria Steindl","breadcrumb":{"@id":"https:\/\/www.ordination-steindl.at\/orthopaedie\/allgemeine-orthopaedie\/#breadcrumb"},"inLanguage":"de","potentialAction":[{"@type":"ReadAction","target":["https:\/\/www.ordination-steindl.at\/orthopaedie\/allgemeine-orthopaedie\/"]}]},{"@type":"BreadcrumbList","@id":"https:\/\/www.ordination-steindl.at\/orthopaedie\/allgemeine-orthopaedie\/#breadcrumb","itemListElement":[{"@type":"ListItem","position":1,"name":"Startseite","item":"https:\/\/www.ordination-steindl.at\/orthopaedie\/"},{"@type":"ListItem","position":2,"name":"Allgemeine Orthop\u00e4die"}]},{"@type":"WebSite","@id":"https:\/\/www.ordination-steindl.at\/orthopaedie\/#website","url":"https:\/\/www.ordination-steindl.at\/orthopaedie\/","name":"Dr. Eva M. Steindl | Orthop\u00e4die","description":"Kinderorthop\u00e4die | Sto\u00dfwellentherapie","potentialAction":[{"@type":"SearchAction","target":{"@type":"EntryPoint","urlTemplate":"https:\/\/www.ordination-steindl.at\/orthopaedie\/?s={search_term_string}"},"query-input":{"@type":"PropertyValueSpecification","valueRequired":true,"valueName":"search_term_string"}}],"inLanguage":"de"}]}},"_links":{"self":[{"href":"https:\/\/www.ordination-steindl.at\/orthopaedie\/wp-json\/wp\/v2\/pages\/163","targetHints":{"allow":["GET"]}}],"collection":[{"href":"https:\/\/www.ordination-steindl.at\/orthopaedie\/wp-json\/wp\/v2\/pages"}],"about":[{"href":"https:\/\/www.ordination-steindl.at\/orthopaedie\/wp-json\/wp\/v2\/types\/page"}],"author":[{"embeddable":true,"href":"https:\/\/www.ordination-steindl.at\/orthopaedie\/wp-json\/wp\/v2\/users\/2"}],"replies":[{"embeddable":true,"href":"https:\/\/www.ordination-steindl.at\/orthopaedie\/wp-json\/wp\/v2\/comments?post=163"}],"version-history":[{"count":48,"href":"https:\/\/www.ordination-steindl.at\/orthopaedie\/wp-json\/wp\/v2\/pages\/163\/revisions"}],"predecessor-version":[{"id":419,"href":"https:\/\/www.ordination-steindl.at\/orthopaedie\/wp-json\/wp\/v2\/pages\/163\/revisions\/419"}],"wp:attachment":[{"href":"https:\/\/www.ordination-steindl.at\/orthopaedie\/wp-json\/wp\/v2\/media?parent=163"}],"curies":[{"name":"wp","href":"https:\/\/api.w.org\/{rel}","templated":true}]}}