{"id":174,"date":"2018-08-01T16:29:38","date_gmt":"2018-08-01T14:29:38","guid":{"rendered":"https:\/\/www.ordination-steindl.at\/orthopaedie\/?page_id=174"},"modified":"2018-12-27T17:25:56","modified_gmt":"2018-12-27T16:25:56","slug":"stosswelle","status":"publish","type":"page","link":"https:\/\/www.ordination-steindl.at\/orthopaedie\/stosswelle\/","title":{"rendered":"Stosswelle"},"content":{"rendered":"<p>[vc_row css_animation=&#8220;&#8220; row_type=&#8220;row&#8220; use_row_as_full_screen_section=&#8220;no&#8220; type=&#8220;grid&#8220; angled_section=&#8220;no&#8220; text_align=&#8220;left&#8220; background_image_as_pattern=&#8220;without_pattern&#8220; z_index=&#8220;&#8220;][vc_column][vc_empty_space][vc_column_text]<\/p>\n<h1><span style=\"color: #c8d400;\">e<\/span>lektrohydraulische stosswelle<\/h1>\n<p>[\/vc_column_text][vc_separator type=&#8220;normal&#8220; color=&#8220;#c8d400&#8243; thickness=&#8220;25px&#8220; el_class=&#8220;hline20&#8243;][vc_empty_space][vc_row_inner row_type=&#8220;row&#8220; type=&#8220;grid&#8220; text_align=&#8220;left&#8220; row_negative_margin=&#8220;disable_negative_margin&#8220; css_animation=&#8220;&#8220;][vc_column_inner width=&#8220;3\/4&#8243;][vc_column_text css=&#8220;.vc_custom_1533133918602{margin-bottom: -5px !important;}&#8220;]Bei der fokussierten Stosswellentherapie (ESWT) erfolgt die Behandlung des Schmerzes durch eine hochenergetische Druckwelle, welche au\u00dferhalb des K\u00f6rpers erzeugt wird. Es handelt sich um ein schonendes, nebenwirkungsarmes Verfahren.<\/p>\n<p>Durch 2 Therapiesitzungen im Abstand von 4-6 Wochen kommt es zur Gewebsver\u00e4nderung und schlussendlich zum R\u00fcckgang der Beschwerden, da k\u00f6rpereigene schmerzstillende Substanzen sowie die k\u00f6rpereigene Reparatur aktiviert, aber auch schmerzleitende Nervenfasern reduziert werden.[\/vc_column_text][\/vc_column_inner][vc_column_inner width=&#8220;1\/4&#8243; css=&#8220;.vc_custom_1533550154356{padding-right: 50px !important;padding-left: 50px !important;}&#8220;]<div class=\"q_pie_chart_holder\"><div class=\"q_percentage\" data-percent=\"90\" data-linewidth=\"4\" data-active=\"#c8d400\" style=\"color:#445055;font-size:25px;font-weight:400;\"><span class=\"tocounter\">90<\/span>%<\/div><div class=\"pie_chart_text\"><h3 class=\"pie_title\" style=\"color: #445055;\">erfolgsrate<\/h3><\/div><\/div>[vc_empty_space][\/vc_column_inner][\/vc_row_inner][\/vc_column][\/vc_row][vc_row css_animation=&#8220;&#8220; row_type=&#8220;row&#8220; use_row_as_full_screen_section=&#8220;no&#8220; type=&#8220;full_width&#8220; angled_section=&#8220;no&#8220; text_align=&#8220;left&#8220; background_image_as_pattern=&#8220;without_pattern&#8220;][vc_column][vc_column_text]<\/p>\n<h2>ablauf der behandlung<\/h2>\n<p>[\/vc_column_text][vc_separator type=&#8220;normal&#8220; color=&#8220;#c8d400&#8243; thickness=&#8220;25px&#8220; el_class=&#8220;hline10&#8243;][vc_empty_space][vc_row_inner row_type=&#8220;row&#8220; type=&#8220;full_width&#8220; text_align=&#8220;left&#8220; css_animation=&#8220;&#8220;][vc_column_inner width=&#8220;2\/3&#8243;][vc_column_text]Nach Auftragen von Ultraschallgel wird der Stosswellenkopf des Behandlungsger\u00e4tes im Sitzen oder Liegen direkt auf die zu behandelnde Stelle gerichtet.<\/p>\n<p>Die Dauer betr\u00e4gt nur bis zu 10 Minuten.<\/p>\n<p>Schon durch den schmerzlindernden Effekt der Stosswellen w\u00e4hrend der Behandlung wird sie vom\u00a0Patienten als kaum bis leicht schmerzhaft angegeben.<\/p>\n<p>Man beginnt im niedrigenergetischen Bereich und erh\u00f6ht die Energie bis zur subjektiv tolerablen Schmerzgrenze.<\/p>\n<p>Die Behandlungen werden ohne lokale Bet\u00e4ubung durchgef\u00fchrt.[\/vc_column_text][\/vc_column_inner][vc_column_inner width=&#8220;1\/3&#8243;][\/vc_column_inner][\/vc_row_inner][vc_empty_space][\/vc_column][\/vc_row][vc_row css_animation=&#8220;&#8220; row_type=&#8220;row&#8220; use_row_as_full_screen_section=&#8220;no&#8220; type=&#8220;grid&#8220; angled_section=&#8220;no&#8220; text_align=&#8220;left&#8220; background_image_as_pattern=&#8220;without_pattern&#8220; z_index=&#8220;&#8220;][vc_column][vc_empty_space][vc_column_text]<\/p>\n<h2>indikationen<\/h2>\n<p>[\/vc_column_text][vc_separator type=&#8220;normal&#8220; color=&#8220;#c8d400&#8243; thickness=&#8220;25px&#8220; el_class=&#8220;hline10&#8243;][vc_row_inner row_type=&#8220;row&#8220; type=&#8220;full_width&#8220; text_align=&#8220;left&#8220; css_animation=&#8220;&#8220;][vc_column_inner width=&#8220;2\/3&#8243;]<div class='service_table_holder'><ul class='service_table_inner'><li class='service_table_title_holder background_color_type' style='background-color: #f6f6f6;'><div class='service_table_title_inner'><div class='service_table_title_inner2'><\/div><\/div><\/li><li class='service_table_content' style='background-color: #f6f6f6;'><\/p>\n<ul>\n<li style=\"text-align: left;\">Fersensporn &#8211; Plantarfasciitis<\/li>\n<li style=\"text-align: left;\">Kalkschulter\u00a0&#8211; Tendinitis calcarea<\/li>\n<li style=\"text-align: left;\">Patellaspitzensyndrom<\/li>\n<li style=\"text-align: left;\">Tennisellbogen\u00a0&#8211; Epicondylitis humeroradialis<\/li>\n<li style=\"text-align: left;\">Golferellbogen\u00a0&#8211;\u00a0Epicondylitis humeroulnaris<\/li>\n<li style=\"text-align: left;\">Schleimbeutelentz\u00fcndung der H\u00fcfte- Bursitis trochanterica<\/li>\n<li style=\"text-align: left;\">Chronische Entz\u00fcndungen der Achillessehne\u00a0&#8211; Achillodynie<\/li>\n<li style=\"text-align: left;\">Chronische Sehnenansatzentz\u00fcndungen am Kniegelenk\u00a0&#8211; Pes anserinus Syndrom<\/li>\n<li style=\"text-align: left;\">Chronischer Nackenschmerz und Schmerzen im LWS Bereich<\/li>\n<li style=\"text-align: left;\">Kindliche Knorpelentz\u00fcndung am Patellaansatz \u00a0&#8211; Mb. Osgood Schlatter<\/li>\n<li style=\"text-align: left;\">Ausbleibende\/verz\u00f6gerte Frakturheilung\u00a0&#8211; Pseudoarthrose<\/li>\n<li style=\"text-align: left;\">Wundheilungsst\u00f6rungen<\/li>\n<\/ul>\n<p><\/li><\/ul><\/div>[\/vc_column_inner][vc_column_inner width=&#8220;1\/3&#8243;][\/vc_column_inner][\/vc_row_inner][\/vc_column][\/vc_row][vc_row css_animation=&#8220;&#8220; row_type=&#8220;row&#8220; use_row_as_full_screen_section=&#8220;no&#8220; type=&#8220;full_width&#8220; angled_section=&#8220;no&#8220; text_align=&#8220;left&#8220; background_image_as_pattern=&#8220;without_pattern&#8220;][vc_column][vc_empty_space height=&#8220;50px&#8220;][\/vc_column][\/vc_row]<\/p>\n","protected":false},"excerpt":{"rendered":"<p>[vc_row css_animation=&#8220;&#8220; row_type=&#8220;row&#8220; use_row_as_full_screen_section=&#8220;no&#8220; type=&#8220;grid&#8220; angled_section=&#8220;no&#8220; text_align=&#8220;left&#8220; background_image_as_pattern=&#8220;without_pattern&#8220; z_index=&#8220;&#8220;][vc_column][vc_empty_space][vc_column_text] elektrohydraulische stosswelle [\/vc_column_text][vc_separator type=&#8220;normal&#8220; color=&#8220;#c8d400&#8243; thickness=&#8220;25px&#8220; el_class=&#8220;hline20&#8243;][vc_empty_space][vc_row_inner row_type=&#8220;row&#8220; type=&#8220;grid&#8220; text_align=&#8220;left&#8220; row_negative_margin=&#8220;disable_negative_margin&#8220; css_animation=&#8220;&#8220;][vc_column_inner width=&#8220;3\/4&#8243;][vc_column_text css=&#8220;.vc_custom_1533133918602{margin-bottom: -5px !important;}&#8220;]Bei der fokussierten Stosswellentherapie (ESWT) erfolgt die Behandlung des Schmerzes durch eine hochenergetische Druckwelle, welche au\u00dferhalb des K\u00f6rpers erzeugt wird. Es&#8230;<\/p>\n","protected":false},"author":2,"featured_media":0,"parent":0,"menu_order":0,"comment_status":"closed","ping_status":"closed","template":"","meta":{"footnotes":""},"class_list":["post-174","page","type-page","status-publish","hentry"],"yoast_head":"<!-- This site is optimized with the Yoast SEO plugin v26.6 - https:\/\/yoast.com\/wordpress\/plugins\/seo\/ -->\n<title>Stosswelle - Dr. Eva M. Steindl | Orthop\u00e4die<\/title>\n<meta name=\"description\" content=\"Wahlarzt-Ordination f\u00fcr Orthop\u00e4die in 3300 Amstetten von Dr. Eva-Maria Steindl\" \/>\n<meta name=\"robots\" content=\"index, follow, max-snippet:-1, max-image-preview:large, max-video-preview:-1\" \/>\n<link rel=\"canonical\" href=\"https:\/\/www.ordination-steindl.at\/orthopaedie\/stosswelle\/\" \/>\n<meta property=\"og:locale\" content=\"de_DE\" \/>\n<meta property=\"og:type\" content=\"article\" \/>\n<meta property=\"og:title\" content=\"Stosswelle - Dr. Eva M. Steindl | Orthop\u00e4die\" \/>\n<meta property=\"og:description\" content=\"Wahlarzt-Ordination f\u00fcr Orthop\u00e4die in 3300 Amstetten von Dr. Eva-Maria Steindl\" \/>\n<meta property=\"og:url\" content=\"https:\/\/www.ordination-steindl.at\/orthopaedie\/stosswelle\/\" \/>\n<meta property=\"og:site_name\" content=\"Dr. Eva M. Steindl | Orthop\u00e4die\" \/>\n<meta property=\"article:modified_time\" content=\"2018-12-27T16:25:56+00:00\" \/>\n<meta property=\"og:image\" content=\"https:\/\/www.ordination-steindl.at\/orthopaedie\/wp-content\/uploads\/sites\/2\/2018\/09\/Screenshot_FB.png\" \/>\n\t<meta property=\"og:image:width\" content=\"1457\" \/>\n\t<meta property=\"og:image:height\" content=\"765\" \/>\n\t<meta property=\"og:image:type\" content=\"image\/png\" \/>\n<meta name=\"twitter:card\" content=\"summary_large_image\" \/>\n<meta name=\"twitter:label1\" content=\"Gesch\u00e4tzte Lesezeit\" \/>\n\t<meta name=\"twitter:data1\" content=\"3\u00a0Minuten\" \/>\n<script type=\"application\/ld+json\" class=\"yoast-schema-graph\">{\"@context\":\"https:\/\/schema.org\",\"@graph\":[{\"@type\":\"WebPage\",\"@id\":\"https:\/\/www.ordination-steindl.at\/orthopaedie\/stosswelle\/\",\"url\":\"https:\/\/www.ordination-steindl.at\/orthopaedie\/stosswelle\/\",\"name\":\"Stosswelle - Dr. Eva M. Steindl | Orthop\u00e4die\",\"isPartOf\":{\"@id\":\"https:\/\/www.ordination-steindl.at\/orthopaedie\/#website\"},\"datePublished\":\"2018-08-01T14:29:38+00:00\",\"dateModified\":\"2018-12-27T16:25:56+00:00\",\"description\":\"Wahlarzt-Ordination f\u00fcr Orthop\u00e4die in 3300 Amstetten von Dr. Eva-Maria Steindl\",\"breadcrumb\":{\"@id\":\"https:\/\/www.ordination-steindl.at\/orthopaedie\/stosswelle\/#breadcrumb\"},\"inLanguage\":\"de\",\"potentialAction\":[{\"@type\":\"ReadAction\",\"target\":[\"https:\/\/www.ordination-steindl.at\/orthopaedie\/stosswelle\/\"]}]},{\"@type\":\"BreadcrumbList\",\"@id\":\"https:\/\/www.ordination-steindl.at\/orthopaedie\/stosswelle\/#breadcrumb\",\"itemListElement\":[{\"@type\":\"ListItem\",\"position\":1,\"name\":\"Startseite\",\"item\":\"https:\/\/www.ordination-steindl.at\/orthopaedie\/\"},{\"@type\":\"ListItem\",\"position\":2,\"name\":\"Stosswelle\"}]},{\"@type\":\"WebSite\",\"@id\":\"https:\/\/www.ordination-steindl.at\/orthopaedie\/#website\",\"url\":\"https:\/\/www.ordination-steindl.at\/orthopaedie\/\",\"name\":\"Dr. Eva M. Steindl | Orthop\u00e4die\",\"description\":\"Kinderorthop\u00e4die | Sto\u00dfwellentherapie\",\"potentialAction\":[{\"@type\":\"SearchAction\",\"target\":{\"@type\":\"EntryPoint\",\"urlTemplate\":\"https:\/\/www.ordination-steindl.at\/orthopaedie\/?s={search_term_string}\"},\"query-input\":{\"@type\":\"PropertyValueSpecification\",\"valueRequired\":true,\"valueName\":\"search_term_string\"}}],\"inLanguage\":\"de\"}]}<\/script>\n<!-- \/ Yoast SEO plugin. -->","yoast_head_json":{"title":"Stosswelle - Dr. Eva M. Steindl | Orthop\u00e4die","description":"Wahlarzt-Ordination f\u00fcr Orthop\u00e4die in 3300 Amstetten von Dr. Eva-Maria Steindl","robots":{"index":"index","follow":"follow","max-snippet":"max-snippet:-1","max-image-preview":"max-image-preview:large","max-video-preview":"max-video-preview:-1"},"canonical":"https:\/\/www.ordination-steindl.at\/orthopaedie\/stosswelle\/","og_locale":"de_DE","og_type":"article","og_title":"Stosswelle - Dr. Eva M. Steindl | Orthop\u00e4die","og_description":"Wahlarzt-Ordination f\u00fcr Orthop\u00e4die in 3300 Amstetten von Dr. Eva-Maria Steindl","og_url":"https:\/\/www.ordination-steindl.at\/orthopaedie\/stosswelle\/","og_site_name":"Dr. Eva M. Steindl | Orthop\u00e4die","article_modified_time":"2018-12-27T16:25:56+00:00","og_image":[{"width":1457,"height":765,"url":"https:\/\/www.ordination-steindl.at\/orthopaedie\/wp-content\/uploads\/sites\/2\/2018\/09\/Screenshot_FB.png","type":"image\/png"}],"twitter_card":"summary_large_image","twitter_misc":{"Gesch\u00e4tzte Lesezeit":"3\u00a0Minuten"},"schema":{"@context":"https:\/\/schema.org","@graph":[{"@type":"WebPage","@id":"https:\/\/www.ordination-steindl.at\/orthopaedie\/stosswelle\/","url":"https:\/\/www.ordination-steindl.at\/orthopaedie\/stosswelle\/","name":"Stosswelle - Dr. Eva M. Steindl | Orthop\u00e4die","isPartOf":{"@id":"https:\/\/www.ordination-steindl.at\/orthopaedie\/#website"},"datePublished":"2018-08-01T14:29:38+00:00","dateModified":"2018-12-27T16:25:56+00:00","description":"Wahlarzt-Ordination f\u00fcr Orthop\u00e4die in 3300 Amstetten von Dr. Eva-Maria Steindl","breadcrumb":{"@id":"https:\/\/www.ordination-steindl.at\/orthopaedie\/stosswelle\/#breadcrumb"},"inLanguage":"de","potentialAction":[{"@type":"ReadAction","target":["https:\/\/www.ordination-steindl.at\/orthopaedie\/stosswelle\/"]}]},{"@type":"BreadcrumbList","@id":"https:\/\/www.ordination-steindl.at\/orthopaedie\/stosswelle\/#breadcrumb","itemListElement":[{"@type":"ListItem","position":1,"name":"Startseite","item":"https:\/\/www.ordination-steindl.at\/orthopaedie\/"},{"@type":"ListItem","position":2,"name":"Stosswelle"}]},{"@type":"WebSite","@id":"https:\/\/www.ordination-steindl.at\/orthopaedie\/#website","url":"https:\/\/www.ordination-steindl.at\/orthopaedie\/","name":"Dr. Eva M. Steindl | Orthop\u00e4die","description":"Kinderorthop\u00e4die | Sto\u00dfwellentherapie","potentialAction":[{"@type":"SearchAction","target":{"@type":"EntryPoint","urlTemplate":"https:\/\/www.ordination-steindl.at\/orthopaedie\/?s={search_term_string}"},"query-input":{"@type":"PropertyValueSpecification","valueRequired":true,"valueName":"search_term_string"}}],"inLanguage":"de"}]}},"_links":{"self":[{"href":"https:\/\/www.ordination-steindl.at\/orthopaedie\/wp-json\/wp\/v2\/pages\/174","targetHints":{"allow":["GET"]}}],"collection":[{"href":"https:\/\/www.ordination-steindl.at\/orthopaedie\/wp-json\/wp\/v2\/pages"}],"about":[{"href":"https:\/\/www.ordination-steindl.at\/orthopaedie\/wp-json\/wp\/v2\/types\/page"}],"author":[{"embeddable":true,"href":"https:\/\/www.ordination-steindl.at\/orthopaedie\/wp-json\/wp\/v2\/users\/2"}],"replies":[{"embeddable":true,"href":"https:\/\/www.ordination-steindl.at\/orthopaedie\/wp-json\/wp\/v2\/comments?post=174"}],"version-history":[{"count":35,"href":"https:\/\/www.ordination-steindl.at\/orthopaedie\/wp-json\/wp\/v2\/pages\/174\/revisions"}],"predecessor-version":[{"id":371,"href":"https:\/\/www.ordination-steindl.at\/orthopaedie\/wp-json\/wp\/v2\/pages\/174\/revisions\/371"}],"wp:attachment":[{"href":"https:\/\/www.ordination-steindl.at\/orthopaedie\/wp-json\/wp\/v2\/media?parent=174"}],"curies":[{"name":"wp","href":"https:\/\/api.w.org\/{rel}","templated":true}]}}