{"id":5,"date":"2018-07-22T16:34:32","date_gmt":"2018-07-22T14:34:32","guid":{"rendered":"https:\/\/www.ordination-steindl.at\/orthopaedie\/?page_id=5"},"modified":"2025-10-20T11:14:08","modified_gmt":"2025-10-20T09:14:08","slug":"start","status":"publish","type":"page","link":"https:\/\/www.ordination-steindl.at\/orthopaedie\/","title":{"rendered":"Dr. Eva M. Steindl, MSc"},"content":{"rendered":"<p>[vc_row css_animation=&#8220;&#8220; row_type=&#8220;row&#8220; use_row_as_full_screen_section=&#8220;no&#8220; type=&#8220;full_width&#8220; angled_section=&#8220;no&#8220; text_align=&#8220;left&#8220; background_image_as_pattern=&#8220;without_pattern&#8220;][vc_column][vc_empty_space][\/vc_column][\/vc_row][vc_row css_animation=&#8220;&#8220; row_type=&#8220;row&#8220; use_row_as_full_screen_section=&#8220;no&#8220; type=&#8220;full_width&#8220; angled_section=&#8220;no&#8220; text_align=&#8220;left&#8220; background_image_as_pattern=&#8220;without_pattern&#8220;][vc_column][vc_row_inner row_type=&#8220;row&#8220; type=&#8220;full_width&#8220; text_align=&#8220;left&#8220; css_animation=&#8220;&#8220;][vc_column_inner][\/vc_column_inner][\/vc_row_inner][\/vc_column][\/vc_row][vc_row css_animation=&#8220;&#8220; row_type=&#8220;row&#8220; use_row_as_full_screen_section=&#8220;no&#8220; type=&#8220;full_width&#8220; angled_section=&#8220;no&#8220; text_align=&#8220;left&#8220; background_image_as_pattern=&#8220;without_pattern&#8220;][vc_column][vc_row_inner row_type=&#8220;row&#8220; type=&#8220;full_width&#8220; text_align=&#8220;left&#8220; css_animation=&#8220;&#8220;][vc_column_inner width=&#8220;1\/2&#8243;][vc_column_text]<\/p>\n<h1><span style=\"color: #c8d400;\">dr.<\/span> eva m. steindl, msc<\/h1>\n<p>[\/vc_column_text][vc_separator type=&#8220;normal&#8220; color=&#8220;#c8d400&#8243; thickness=&#8220;25px&#8220; el_class=&#8220;hline20&#8243;][vc_empty_space][vc_column_text css=&#8220;.vc_custom_1532510147660{margin-bottom: -5px !important;}&#8220;]Fach\u00e4rztin f\u00fcr Orthop\u00e4die und orthop\u00e4dische Chirurgie<\/p>\n<p>Kinderorthop\u00e4die | Sto\u00dfwellentherapie | allgemeine Orthop\u00e4die[\/vc_column_text]<div class='service_table_holder'><ul class='service_table_inner'><li class='service_table_title_holder background_color_type' style='background-color: #f6f6f6;'><div class='service_table_title_inner'><div class='service_table_title_inner2'><\/div><\/div><\/li><li class='service_table_content' style='background-color: #f6f6f6;'><\/p>\n<ul>\n<li style=\"text-align: left;\"><span style=\"color: #c8d400;\">2001-2007 <\/span><br \/>\nStudium an der Medizinischen Universit\u00e4t Wien<\/li>\n<li style=\"text-align: left;\"><span style=\"color: #c8d400;\">2007-2008\u00a0<\/span><br \/>\nLehrpraxis f\u00fcr Orthop\u00e4die (1010 Wien)<\/li>\n<li style=\"text-align: left;\"><span style=\"color: #c8d400;\">2008-2010 <\/span><br \/>\nAusbildung zur \u00c4rztin f\u00fcr Allgemeinmedizin (UK St. P\u00f6lten, LK Amstetten)<\/li>\n<li style=\"text-align: left;\"><span style=\"color: #c8d400;\">2011-2018\u00a0<\/span><br \/>\nFacharztausbildung an der orthop\u00e4dischen Abteilung LK Amstetten und<br \/>\nOrthop\u00e4disches Spital Speising (Gegenf\u00e4cher im LK Amstetten und LK Scheibbs)<br \/>\nFach\u00e4rztin f\u00fcr Orthop\u00e4die und orthop\u00e4dische Chirurgie<\/li>\n<li style=\"text-align: left;\"><span style=\"color: #c8d400;\">10|2018-01|2025\u00a0<\/span><br \/>\nOber\u00e4rztin am Department f\u00fcr Orthop\u00e4die und Traumatologie im LK Waidhofen\/Ybbs<\/li>\n<li style=\"text-align: left;\"><span style=\"color: #c8d400;\">09|2019\u00a0<\/span><br \/>\nZertifikat Kinderorthop\u00e4die der Vereinigung f\u00fcr Kinderorthop\u00e4die (VKO) \u00d6sterreich &#8211; Deutschland &#8211; Schweiz<\/li>\n<li style=\"text-align: left;\"><span style=\"color: #c8d400;\">seit 05|2021\u00a0<\/span><br \/>\nFach\u00e4rztin f\u00fcr Orthop\u00e4die und Traumatologie<\/li>\n<li style=\"text-align: left;\"><span style=\"color: #c8d400;\">03|2023-10\/2025<\/span><br \/>\nMasterstudium Neuroorthop\u00e4die &#8211; Disability Management, MSc an der Donau-Universit\u00e4t Krems<\/li>\n<li style=\"text-align: left;\"><span style=\"color: #c8d400;\">seit 02|2025\u00a0<\/span><br \/>\nOber\u00e4rztin an der Abteilung f\u00fcr Orthop\u00e4die und Traumatologie im LK Scheibbs<\/li>\n<li style=\"text-align: left;\">Konsiliarfach\u00e4rztin im Ambulatorium Amstetten der VKKJ<\/li>\n<\/ul>\n<p><\/li><\/ul><\/div>[vc_empty_space height=&#8220;40&#8243;][vc_column_text]<span style=\"color: #4a4a4a;\">\u00d6\u00c4K Diplom f\u00fcr Manuelle Medizin<\/span><\/p>\n<p><span style=\"color: #4a4a4a;\">\u00d6\u00c4K Diplom f\u00fcr Notfallmedizin<\/span><\/p>\n<p><span style=\"color: #4a4a4a;\">\u00d6\u00c4K Fortbildungsdiplom<\/span>[\/vc_column_text][vc_empty_space height=&#8220;40&#8243;][vc_column_text]\u00d6sterreichische Gesellschaft f\u00fcr Orthop\u00e4die und orthop\u00e4dische Chirurgie<\/p>\n<p>\u00d6sterreichische Gesellschaft f\u00fcr Manuelle Medizin<\/p>\n<p>Die Orthop\u00e4dinnen e.V.[\/vc_column_text][\/vc_column_inner][vc_column_inner width=&#8220;1\/2&#8243; offset=&#8220;vc_col-lg-offset-0 vc_col-lg-6 vc_col-md-offset-0 vc_col-md-6 vc_col-sm-offset-0 vc_col-xs-12&#8243;][qode_elements_holder number_of_columns=&#8220;one_column&#8220; switch_to_one_column=&#8220;768&#8243; alignment_one_column=&#8220;center&#8220;][qode_elements_holder_item vertical_alignment=&#8220;top&#8220; advanced_animations=&#8220;no&#8220;][vc_single_image image=&#8220;307&#8243; img_size=&#8220;full&#8220; alignment=&#8220;center&#8220; onclick=&#8220;custom_link&#8220; qode_css_animation=&#8220;&#8220; qode_hover_animation=&#8220;zoom_in&#8220; transition_delay=&#8220;1&#8243; link=&#8220;https:\/\/www.ordination-steindl.at\/orthopaedie\/kinderorthopaedie\/&#8220;][\/qode_elements_holder_item][\/qode_elements_holder][qode_elements_holder number_of_columns=&#8220;one_column&#8220; switch_to_one_column=&#8220;768&#8243; alignment_one_column=&#8220;center&#8220;][qode_elements_holder_item vertical_alignment=&#8220;top&#8220; horizontal_alignment=&#8220;center&#8220; advanced_animations=&#8220;no&#8220; item_padding_1024_1280=&#8220;20px 0px 20px 0px&#8220; item_padding_768_1024=&#8220;20px 0px 20px 0px&#8220; item_padding_600_768=&#8220;20px 0px 20px 0px&#8220; item_padding_480_600=&#8220;20px 0px 20px 0px&#8220; item_padding_480=&#8220;20px 0px 20px 0px&#8220;][vc_single_image image=&#8220;378&#8243; img_size=&#8220;full&#8220; onclick=&#8220;custom_link&#8220; qode_css_animation=&#8220;&#8220; qode_hover_animation=&#8220;zoom_in&#8220; css=&#8220;.vc_custom_1545919168134{margin-top: -30px !important;}&#8220; link=&#8220;https:\/\/www.ordination-steindl.at\/orthopaedie\/stosswelle&#8220;][\/qode_elements_holder_item][\/qode_elements_holder][qode_elements_holder number_of_columns=&#8220;one_column&#8220; switch_to_one_column=&#8220;768&#8243; alignment_one_column=&#8220;center&#8220;][qode_elements_holder_item vertical_alignment=&#8220;top&#8220; horizontal_alignment=&#8220;right&#8220; advanced_animations=&#8220;no&#8220; item_padding_1280_1440=&#8220;120px 0px 20px 200px&#8220; item_padding_1024_1280=&#8220;130px 0px 20px 200px&#8220; item_padding_768_1024=&#8220;130px 0px 20px 200px&#8220; item_padding_600_768=&#8220;110px 0px 20px 200px&#8220; item_padding_480_600=&#8220;110px 0px 20px 200px&#8220; item_padding_480=&#8220;110px 0px 20px 200px&#8220;][vc_single_image image=&#8220;332&#8243; img_size=&#8220;full&#8220; alignment=&#8220;right&#8220; onclick=&#8220;custom_link&#8220; qode_css_animation=&#8220;&#8220; qode_hover_animation=&#8220;zoom_in&#8220; css=&#8220;.vc_custom_1534151326093{margin-top: -150px !important;margin-left: -200px !important;}&#8220; link=&#8220;https:\/\/www.ordination-steindl.at\/orthopaedie\/allgemeine-orthopaedie\/&#8220;][\/qode_elements_holder_item][\/qode_elements_holder][\/vc_column_inner][\/vc_row_inner][vc_row_inner row_type=&#8220;row&#8220; type=&#8220;full_width&#8220; text_align=&#8220;left&#8220; css_animation=&#8220;&#8220;][vc_column_inner][vc_empty_space height=&#8220;40&#8243;][\/vc_column_inner][\/vc_row_inner][\/vc_column][\/vc_row][vc_row css_animation=&#8220;&#8220; row_type=&#8220;row&#8220; use_row_as_full_screen_section=&#8220;no&#8220; type=&#8220;full_width&#8220; angled_section=&#8220;no&#8220; text_align=&#8220;left&#8220; background_image_as_pattern=&#8220;without_pattern&#8220;][vc_column][\/vc_column][\/vc_row]<\/p>\n","protected":false},"excerpt":{"rendered":"<p>[vc_row css_animation=&#8220;&#8220; row_type=&#8220;row&#8220; use_row_as_full_screen_section=&#8220;no&#8220; type=&#8220;full_width&#8220; angled_section=&#8220;no&#8220; text_align=&#8220;left&#8220; background_image_as_pattern=&#8220;without_pattern&#8220;][vc_column][vc_empty_space][\/vc_column][\/vc_row][vc_row css_animation=&#8220;&#8220; row_type=&#8220;row&#8220; use_row_as_full_screen_section=&#8220;no&#8220; type=&#8220;full_width&#8220; angled_section=&#8220;no&#8220; text_align=&#8220;left&#8220; background_image_as_pattern=&#8220;without_pattern&#8220;][vc_column][vc_row_inner row_type=&#8220;row&#8220; type=&#8220;full_width&#8220; text_align=&#8220;left&#8220; css_animation=&#8220;&#8220;][vc_column_inner][\/vc_column_inner][\/vc_row_inner][\/vc_column][\/vc_row][vc_row css_animation=&#8220;&#8220; row_type=&#8220;row&#8220; use_row_as_full_screen_section=&#8220;no&#8220; type=&#8220;full_width&#8220; angled_section=&#8220;no&#8220; text_align=&#8220;left&#8220; background_image_as_pattern=&#8220;without_pattern&#8220;][vc_column][vc_row_inner row_type=&#8220;row&#8220; type=&#8220;full_width&#8220; text_align=&#8220;left&#8220; css_animation=&#8220;&#8220;][vc_column_inner width=&#8220;1\/2&#8243;][vc_column_text] dr. eva m. steindl, msc [\/vc_column_text][vc_separator type=&#8220;normal&#8220; color=&#8220;#c8d400&#8243; thickness=&#8220;25px&#8220; el_class=&#8220;hline20&#8243;][vc_empty_space][vc_column_text css=&#8220;.vc_custom_1532510147660{margin-bottom: -5px !important;}&#8220;]Fach\u00e4rztin f\u00fcr&#8230;<\/p>\n","protected":false},"author":2,"featured_media":72,"parent":0,"menu_order":0,"comment_status":"closed","ping_status":"closed","template":"","meta":{"footnotes":""},"class_list":["post-5","page","type-page","status-publish","has-post-thumbnail","hentry"],"yoast_head":"<!-- This site is optimized with the Yoast SEO plugin v26.6 - https:\/\/yoast.com\/wordpress\/plugins\/seo\/ -->\n<title>Dr. Eva M. Steindl | Orthop\u00e4die<\/title>\n<meta name=\"description\" content=\"Wahlarzt-Ordination f\u00fcr Orthop\u00e4die in 3300 Amstetten von Dr. Eva-Maria Steindl\" \/>\n<meta name=\"robots\" content=\"index, follow, max-snippet:-1, max-image-preview:large, max-video-preview:-1\" \/>\n<link rel=\"canonical\" href=\"https:\/\/www.ordination-steindl.at\/orthopaedie\/\" \/>\n<meta property=\"og:locale\" content=\"de_DE\" \/>\n<meta property=\"og:type\" content=\"article\" \/>\n<meta property=\"og:title\" content=\"Dr. Eva M. Steindl\" \/>\n<meta property=\"og:description\" content=\"Wahlarzt-Ordination f\u00fcr Orthop\u00e4die in 3300 Amstetten.\" \/>\n<meta property=\"og:url\" content=\"https:\/\/www.ordination-steindl.at\/orthopaedie\/\" \/>\n<meta property=\"og:site_name\" content=\"Dr. Eva M. Steindl | Orthop\u00e4die\" \/>\n<meta property=\"article:modified_time\" content=\"2025-10-20T09:14:08+00:00\" \/>\n<meta property=\"og:image\" content=\"https:\/\/www.ordination-steindl.at\/orthopaedie\/wp-content\/uploads\/sites\/2\/2018\/09\/Screenshot_FB.png\" \/>\n\t<meta property=\"og:image:width\" content=\"1457\" \/>\n\t<meta property=\"og:image:height\" content=\"765\" \/>\n\t<meta property=\"og:image:type\" content=\"image\/png\" \/>\n<meta name=\"twitter:card\" content=\"summary_large_image\" \/>\n<meta name=\"twitter:label1\" content=\"Gesch\u00e4tzte Lesezeit\" \/>\n\t<meta name=\"twitter:data1\" content=\"2\u00a0Minuten\" \/>\n<script type=\"application\/ld+json\" class=\"yoast-schema-graph\">{\"@context\":\"https:\/\/schema.org\",\"@graph\":[{\"@type\":\"WebPage\",\"@id\":\"https:\/\/www.ordination-steindl.at\/orthopaedie\/\",\"url\":\"https:\/\/www.ordination-steindl.at\/orthopaedie\/\",\"name\":\"Dr. Eva M. Steindl | Orthop\u00e4die\",\"isPartOf\":{\"@id\":\"https:\/\/www.ordination-steindl.at\/orthopaedie\/#website\"},\"primaryImageOfPage\":{\"@id\":\"https:\/\/www.ordination-steindl.at\/orthopaedie\/#primaryimage\"},\"image\":{\"@id\":\"https:\/\/www.ordination-steindl.at\/orthopaedie\/#primaryimage\"},\"thumbnailUrl\":\"https:\/\/www.ordination-steindl.at\/orthopaedie\/wp-content\/uploads\/sites\/2\/2018\/07\/Logo_291x90.png\",\"datePublished\":\"2018-07-22T14:34:32+00:00\",\"dateModified\":\"2025-10-20T09:14:08+00:00\",\"description\":\"Wahlarzt-Ordination f\u00fcr Orthop\u00e4die in 3300 Amstetten von Dr. Eva-Maria Steindl\",\"breadcrumb\":{\"@id\":\"https:\/\/www.ordination-steindl.at\/orthopaedie\/#breadcrumb\"},\"inLanguage\":\"de\",\"potentialAction\":[{\"@type\":\"ReadAction\",\"target\":[\"https:\/\/www.ordination-steindl.at\/orthopaedie\/\"]}]},{\"@type\":\"ImageObject\",\"inLanguage\":\"de\",\"@id\":\"https:\/\/www.ordination-steindl.at\/orthopaedie\/#primaryimage\",\"url\":\"https:\/\/www.ordination-steindl.at\/orthopaedie\/wp-content\/uploads\/sites\/2\/2018\/07\/Logo_291x90.png\",\"contentUrl\":\"https:\/\/www.ordination-steindl.at\/orthopaedie\/wp-content\/uploads\/sites\/2\/2018\/07\/Logo_291x90.png\",\"width\":291,\"height\":90,\"caption\":\"Logo Ordination Steindl\"},{\"@type\":\"BreadcrumbList\",\"@id\":\"https:\/\/www.ordination-steindl.at\/orthopaedie\/#breadcrumb\",\"itemListElement\":[{\"@type\":\"ListItem\",\"position\":1,\"name\":\"Startseite\",\"item\":\"https:\/\/www.ordination-steindl.at\/orthopaedie\/\"},{\"@type\":\"ListItem\",\"position\":2,\"name\":\"Dr. Eva M. Steindl, MSc\"}]},{\"@type\":\"WebSite\",\"@id\":\"https:\/\/www.ordination-steindl.at\/orthopaedie\/#website\",\"url\":\"https:\/\/www.ordination-steindl.at\/orthopaedie\/\",\"name\":\"Dr. Eva M. Steindl | Orthop\u00e4die\",\"description\":\"Kinderorthop\u00e4die | Sto\u00dfwellentherapie\",\"potentialAction\":[{\"@type\":\"SearchAction\",\"target\":{\"@type\":\"EntryPoint\",\"urlTemplate\":\"https:\/\/www.ordination-steindl.at\/orthopaedie\/?s={search_term_string}\"},\"query-input\":{\"@type\":\"PropertyValueSpecification\",\"valueRequired\":true,\"valueName\":\"search_term_string\"}}],\"inLanguage\":\"de\"}]}<\/script>\n<!-- \/ Yoast SEO plugin. -->","yoast_head_json":{"title":"Dr. Eva M. Steindl | Orthop\u00e4die","description":"Wahlarzt-Ordination f\u00fcr Orthop\u00e4die in 3300 Amstetten von Dr. Eva-Maria Steindl","robots":{"index":"index","follow":"follow","max-snippet":"max-snippet:-1","max-image-preview":"max-image-preview:large","max-video-preview":"max-video-preview:-1"},"canonical":"https:\/\/www.ordination-steindl.at\/orthopaedie\/","og_locale":"de_DE","og_type":"article","og_title":"Dr. Eva M. Steindl","og_description":"Wahlarzt-Ordination f\u00fcr Orthop\u00e4die in 3300 Amstetten.","og_url":"https:\/\/www.ordination-steindl.at\/orthopaedie\/","og_site_name":"Dr. Eva M. Steindl | Orthop\u00e4die","article_modified_time":"2025-10-20T09:14:08+00:00","og_image":[{"width":1457,"height":765,"url":"https:\/\/www.ordination-steindl.at\/orthopaedie\/wp-content\/uploads\/sites\/2\/2018\/09\/Screenshot_FB.png","type":"image\/png"}],"twitter_card":"summary_large_image","twitter_misc":{"Gesch\u00e4tzte Lesezeit":"2\u00a0Minuten"},"schema":{"@context":"https:\/\/schema.org","@graph":[{"@type":"WebPage","@id":"https:\/\/www.ordination-steindl.at\/orthopaedie\/","url":"https:\/\/www.ordination-steindl.at\/orthopaedie\/","name":"Dr. Eva M. Steindl | Orthop\u00e4die","isPartOf":{"@id":"https:\/\/www.ordination-steindl.at\/orthopaedie\/#website"},"primaryImageOfPage":{"@id":"https:\/\/www.ordination-steindl.at\/orthopaedie\/#primaryimage"},"image":{"@id":"https:\/\/www.ordination-steindl.at\/orthopaedie\/#primaryimage"},"thumbnailUrl":"https:\/\/www.ordination-steindl.at\/orthopaedie\/wp-content\/uploads\/sites\/2\/2018\/07\/Logo_291x90.png","datePublished":"2018-07-22T14:34:32+00:00","dateModified":"2025-10-20T09:14:08+00:00","description":"Wahlarzt-Ordination f\u00fcr Orthop\u00e4die in 3300 Amstetten von Dr. Eva-Maria Steindl","breadcrumb":{"@id":"https:\/\/www.ordination-steindl.at\/orthopaedie\/#breadcrumb"},"inLanguage":"de","potentialAction":[{"@type":"ReadAction","target":["https:\/\/www.ordination-steindl.at\/orthopaedie\/"]}]},{"@type":"ImageObject","inLanguage":"de","@id":"https:\/\/www.ordination-steindl.at\/orthopaedie\/#primaryimage","url":"https:\/\/www.ordination-steindl.at\/orthopaedie\/wp-content\/uploads\/sites\/2\/2018\/07\/Logo_291x90.png","contentUrl":"https:\/\/www.ordination-steindl.at\/orthopaedie\/wp-content\/uploads\/sites\/2\/2018\/07\/Logo_291x90.png","width":291,"height":90,"caption":"Logo Ordination Steindl"},{"@type":"BreadcrumbList","@id":"https:\/\/www.ordination-steindl.at\/orthopaedie\/#breadcrumb","itemListElement":[{"@type":"ListItem","position":1,"name":"Startseite","item":"https:\/\/www.ordination-steindl.at\/orthopaedie\/"},{"@type":"ListItem","position":2,"name":"Dr. Eva M. Steindl, MSc"}]},{"@type":"WebSite","@id":"https:\/\/www.ordination-steindl.at\/orthopaedie\/#website","url":"https:\/\/www.ordination-steindl.at\/orthopaedie\/","name":"Dr. Eva M. Steindl | Orthop\u00e4die","description":"Kinderorthop\u00e4die | Sto\u00dfwellentherapie","potentialAction":[{"@type":"SearchAction","target":{"@type":"EntryPoint","urlTemplate":"https:\/\/www.ordination-steindl.at\/orthopaedie\/?s={search_term_string}"},"query-input":{"@type":"PropertyValueSpecification","valueRequired":true,"valueName":"search_term_string"}}],"inLanguage":"de"}]}},"_links":{"self":[{"href":"https:\/\/www.ordination-steindl.at\/orthopaedie\/wp-json\/wp\/v2\/pages\/5","targetHints":{"allow":["GET"]}}],"collection":[{"href":"https:\/\/www.ordination-steindl.at\/orthopaedie\/wp-json\/wp\/v2\/pages"}],"about":[{"href":"https:\/\/www.ordination-steindl.at\/orthopaedie\/wp-json\/wp\/v2\/types\/page"}],"author":[{"embeddable":true,"href":"https:\/\/www.ordination-steindl.at\/orthopaedie\/wp-json\/wp\/v2\/users\/2"}],"replies":[{"embeddable":true,"href":"https:\/\/www.ordination-steindl.at\/orthopaedie\/wp-json\/wp\/v2\/comments?post=5"}],"version-history":[{"count":81,"href":"https:\/\/www.ordination-steindl.at\/orthopaedie\/wp-json\/wp\/v2\/pages\/5\/revisions"}],"predecessor-version":[{"id":423,"href":"https:\/\/www.ordination-steindl.at\/orthopaedie\/wp-json\/wp\/v2\/pages\/5\/revisions\/423"}],"wp:featuredmedia":[{"embeddable":true,"href":"https:\/\/www.ordination-steindl.at\/orthopaedie\/wp-json\/wp\/v2\/media\/72"}],"wp:attachment":[{"href":"https:\/\/www.ordination-steindl.at\/orthopaedie\/wp-json\/wp\/v2\/media?parent=5"}],"curies":[{"name":"wp","href":"https:\/\/api.w.org\/{rel}","templated":true}]}}