{"id":93,"date":"2018-07-26T13:44:00","date_gmt":"2018-07-26T11:44:00","guid":{"rendered":"https:\/\/www.ordination-steindl.at\/orthopaedie\/?page_id=93"},"modified":"2018-12-27T17:25:28","modified_gmt":"2018-12-27T16:25:28","slug":"kinderorthopaedie","status":"publish","type":"page","link":"https:\/\/www.ordination-steindl.at\/orthopaedie\/kinderorthopaedie\/","title":{"rendered":"Kinderorthop\u00e4die"},"content":{"rendered":"<p>[vc_row css_animation=&#8220;&#8220; row_type=&#8220;row&#8220; use_row_as_full_screen_section=&#8220;no&#8220; type=&#8220;full_width&#8220; angled_section=&#8220;no&#8220; text_align=&#8220;left&#8220; background_image_as_pattern=&#8220;without_pattern&#8220; z_index=&#8220;&#8220;][vc_column][vc_empty_space][vc_column_text]<\/p>\n<h1><span style=\"color: #c8d400;\">k<\/span>inderorthop\u00e4die<\/h1>\n<p>[\/vc_column_text][vc_separator type=&#8220;normal&#8220; color=&#8220;#c8d400&#8243; thickness=&#8220;25px&#8220; el_class=&#8220;hline20&#8243;][vc_empty_space][\/vc_column][\/vc_row][vc_row css_animation=&#8220;&#8220; row_type=&#8220;row&#8220; use_row_as_full_screen_section=&#8220;no&#8220; type=&#8220;full_width&#8220; angled_section=&#8220;no&#8220; text_align=&#8220;left&#8220; background_image_as_pattern=&#8220;without_pattern&#8220;][vc_column width=&#8220;1\/2&#8243;][vc_column_text css=&#8220;.vc_custom_1536937687166{margin-bottom: -5px !important;}&#8220;]Um Ihr Kind ausreichend untersuchen, beurteilen und gegebenenfalls therapieren zu k\u00f6nnen m\u00f6chte ich mir Zeit nehmen und somit den Arztbesuch f\u00fcr den kleinen Patienten so angenehm wie m\u00f6glich gestalten.[\/vc_column_text][\/vc_column][vc_column width=&#8220;1\/2&#8243;]<blockquote class=' with_quote_icon' style='width: 100%;border-left-color: #c8d400;'><i class='fa fa-quote-right' style='color: #c8d400;'><\/i><h5 class='blockquote-text' style='color: #445055;'>f\u00fcr Kinder ist das Beste gerade gut genug<br \/>\n(J.W. von Goethe)<\/h5><\/blockquote>[\/vc_column][\/vc_row][vc_row css_animation=&#8220;&#8220; row_type=&#8220;row&#8220; use_row_as_full_screen_section=&#8220;no&#8220; type=&#8220;grid&#8220; angled_section=&#8220;no&#8220; text_align=&#8220;left&#8220; background_image_as_pattern=&#8220;without_pattern&#8220; z_index=&#8220;&#8220;][vc_column][vc_empty_space height=&#8220;40&#8243;]<div class='qode_carousels_holder clearfix'><div class='qode_carousels' data-number-of-visible-items='5'><ul class='slides'><li class='item'><div class=\"carousel_item_holder\"><span class='first_image_holder '><img decoding=\"async\" itemprop=\"image\" src=\"https:\/\/www.ordination-steindl.at\/orthopaedie\/wp-content\/uploads\/sites\/2\/2018\/08\/25.jpg\" alt=\"carousel image\" \/><\/span><\/div><\/li><li class='item'><div class=\"carousel_item_holder\"><span class='first_image_holder '><img decoding=\"async\" itemprop=\"image\" src=\"https:\/\/www.ordination-steindl.at\/orthopaedie\/wp-content\/uploads\/sites\/2\/2018\/08\/Helmbaby-klein-f\u00fcr-Slider.jpg\" alt=\"carousel image\" \/><\/span><\/div><\/li><li class='item'><div class=\"carousel_item_holder\"><span class='first_image_holder '><img decoding=\"async\" itemprop=\"image\" src=\"https:\/\/www.ordination-steindl.at\/orthopaedie\/wp-content\/uploads\/sites\/2\/2018\/08\/41.jpg\" alt=\"carousel image\" \/><\/span><\/div><\/li><li class='item'><div class=\"carousel_item_holder\"><span class='first_image_holder '><img decoding=\"async\" itemprop=\"image\" src=\"https:\/\/www.ordination-steindl.at\/orthopaedie\/wp-content\/uploads\/sites\/2\/2018\/08\/19.jpg\" alt=\"carousel image\" \/><\/span><\/div><\/li><li class='item'><div class=\"carousel_item_holder\"><span class='first_image_holder '><img decoding=\"async\" itemprop=\"image\" src=\"https:\/\/www.ordination-steindl.at\/orthopaedie\/wp-content\/uploads\/sites\/2\/2018\/08\/10.jpg\" alt=\"carousel image\" \/><\/span><\/div><\/li><li class='item'><div class=\"carousel_item_holder\"><span class='first_image_holder '><img decoding=\"async\" itemprop=\"image\" src=\"https:\/\/www.ordination-steindl.at\/orthopaedie\/wp-content\/uploads\/sites\/2\/2018\/08\/08.jpg\" alt=\"carousel image\" \/><\/span><\/div><\/li><li class='item'><div class=\"carousel_item_holder\"><span class='first_image_holder '><img decoding=\"async\" itemprop=\"image\" src=\"https:\/\/www.ordination-steindl.at\/orthopaedie\/wp-content\/uploads\/sites\/2\/2018\/08\/05.jpg\" alt=\"carousel image\" \/><\/span><\/div><\/li><li class='item'><div class=\"carousel_item_holder\"><span class='first_image_holder '><img decoding=\"async\" itemprop=\"image\" src=\"https:\/\/www.ordination-steindl.at\/orthopaedie\/wp-content\/uploads\/sites\/2\/2018\/08\/17.jpg\" alt=\"carousel image\" \/><\/span><\/div><\/li><\/ul><\/div><\/div>[vc_empty_space height=&#8220;40&#8243;][\/vc_column][\/vc_row][vc_row css_animation=&#8220;&#8220; row_type=&#8220;row&#8220; use_row_as_full_screen_section=&#8220;no&#8220; type=&#8220;full_width&#8220; angled_section=&#8220;no&#8220; text_align=&#8220;left&#8220; background_image_as_pattern=&#8220;without_pattern&#8220;][vc_column][vc_empty_space][vc_column_text]<\/p>\n<h2>ein \u00fcberblick \u00fcber meine kinderorthop\u00e4dischen leistungen<\/h2>\n<p>[\/vc_column_text][vc_separator type=&#8220;normal&#8220; color=&#8220;#c8d400&#8243; thickness=&#8220;25px&#8220; el_class=&#8220;hline20&#8243;][vc_empty_space][\/vc_column][\/vc_row][vc_row css_animation=&#8220;&#8220; row_type=&#8220;row&#8220; use_row_as_full_screen_section=&#8220;no&#8220; type=&#8220;full_width&#8220; angled_section=&#8220;no&#8220; text_align=&#8220;left&#8220; background_image_as_pattern=&#8220;without_pattern&#8220;][vc_column width=&#8220;1\/3&#8243;][vc_empty_space][vc_accordion active_tab=&#8220;1&#8243; collapsible=&#8220;yes&#8220; style=&#8220;accordion&#8220;][vc_accordion_tab title=&#8220;Orthop\u00e4dische MKP Untersuchung&#8220;][vc_column_text]inklusive H\u00fcftultraschall[\/vc_column_text][\/vc_accordion_tab][vc_accordion_tab title=&#8220;S\u00e4uglingsh\u00fcfte&#8220;][vc_column_text]Untersuchung \u2013 Sonographie \u2013 Therapie[\/vc_column_text][\/vc_accordion_tab][vc_accordion_tab title=&#8220;Kinderf\u00fc\u00dfe&#8220;][vc_column_text]Sichelfu\u00df, Hakenfu\u00df, Klumpfu\u00df, angeborener od. erworbener Plattfu\u00df, Knicksenkfu\u00df, juv. Hallux valgus, aseptische Knochennekrosen \u2013 Mb. K\u00f6hler[\/vc_column_text][\/vc_accordion_tab][\/vc_accordion][\/vc_column][vc_column width=&#8220;1\/3&#8243;][vc_empty_space][vc_accordion active_tab=&#8220;false&#8220; collapsible=&#8220;yes&#8220; style=&#8220;accordion&#8220;][vc_accordion_tab title=&#8220;Wirbels\u00e4ule&#8220;][vc_column_text]Schiefhals, Skoliose, Kyphose, Spondylolyse\/-listhese, Mb. Scheuermann<\/p>\n<p><strong><a href=\"https:\/\/www.ordination-steindl.at\/orthopaedie\/wp-content\/uploads\/sites\/2\/2018\/09\/Orthomanufaktur_Folder_Skoliose2018_Web.pdf\">Download Infofolder 3MB<\/a><\/strong>[\/vc_column_text][\/vc_accordion_tab][vc_accordion_tab title=&#8220;Sch\u00e4delasymmetrie&#8220;][vc_column_text]Helmtherapie<\/p>\n<p><strong><a href=\"https:\/\/www.ordination-steindl.at\/orthopaedie\/wp-content\/uploads\/sites\/2\/2018\/09\/Orthomanufaktur_Folder_Helm2018_Web.pdf\">Download Infofolder 3MB<\/a><\/strong>[\/vc_column_text][\/vc_accordion_tab][vc_accordion_tab title=&#8220;Beinachse &amp; Gangbild&#8220;][vc_column_text]Beinl\u00e4ngendifferenz, Rotationsfehler, Einw\u00e4rtsgang[\/vc_column_text][\/vc_accordion_tab][\/vc_accordion][\/vc_column][vc_column width=&#8220;1\/3&#8243;][vc_empty_space][vc_accordion active_tab=&#8220;false&#8220; collapsible=&#8220;yes&#8220; style=&#8220;accordion&#8220;][vc_accordion_tab title=&#8220;Kinderh\u00fcfte&#8220;][vc_column_text]H\u00fcftdysplasie, \u201eH\u00fcftschnupfen\u201c \u2013 Coxitis fugax, Epiphysenl\u00f6sung am Femurkopf &#8211; Epiphysiolysis capitis femoris, Mb. Perthes[\/vc_column_text][\/vc_accordion_tab][vc_accordion_tab title=&#8220;Knie&#8220;][vc_column_text]Mb. Osgood-Schlatter, Patellaluxation, Meniskusverletzung[\/vc_column_text][\/vc_accordion_tab][vc_accordion_tab title=&#8220;Seltene Krankheitsbilder&#8220;][vc_column_text]angeborene oder erworbene Fehlbildungen[\/vc_column_text][\/vc_accordion_tab][\/vc_accordion][\/vc_column][\/vc_row][vc_row css_animation=&#8220;&#8220; row_type=&#8220;row&#8220; use_row_as_full_screen_section=&#8220;no&#8220; type=&#8220;full_width&#8220; angled_section=&#8220;no&#8220; text_align=&#8220;left&#8220; background_image_as_pattern=&#8220;without_pattern&#8220;][vc_column][vc_empty_space][vc_empty_space][\/vc_column][\/vc_row]<\/p>\n","protected":false},"excerpt":{"rendered":"<p>[vc_row css_animation=&#8220;&#8220; row_type=&#8220;row&#8220; use_row_as_full_screen_section=&#8220;no&#8220; type=&#8220;full_width&#8220; angled_section=&#8220;no&#8220; text_align=&#8220;left&#8220; background_image_as_pattern=&#8220;without_pattern&#8220; z_index=&#8220;&#8220;][vc_column][vc_empty_space][vc_column_text] kinderorthop\u00e4die [\/vc_column_text][vc_separator type=&#8220;normal&#8220; color=&#8220;#c8d400&#8243; thickness=&#8220;25px&#8220; el_class=&#8220;hline20&#8243;][vc_empty_space][\/vc_column][\/vc_row][vc_row css_animation=&#8220;&#8220; row_type=&#8220;row&#8220; use_row_as_full_screen_section=&#8220;no&#8220; type=&#8220;full_width&#8220; angled_section=&#8220;no&#8220; text_align=&#8220;left&#8220; background_image_as_pattern=&#8220;without_pattern&#8220;][vc_column width=&#8220;1\/2&#8243;][vc_column_text css=&#8220;.vc_custom_1536937687166{margin-bottom: -5px !important;}&#8220;]Um Ihr Kind ausreichend untersuchen, beurteilen und gegebenenfalls therapieren zu k\u00f6nnen m\u00f6chte ich mir Zeit nehmen und somit den Arztbesuch&#8230;<\/p>\n","protected":false},"author":2,"featured_media":0,"parent":0,"menu_order":0,"comment_status":"closed","ping_status":"closed","template":"","meta":{"footnotes":""},"class_list":["post-93","page","type-page","status-publish","hentry"],"yoast_head":"<!-- This site is optimized with the Yoast SEO plugin v26.6 - https:\/\/yoast.com\/wordpress\/plugins\/seo\/ -->\n<title>Kinderorthop\u00e4die - Dr. Eva M. Steindl | Orthop\u00e4die<\/title>\n<meta name=\"description\" content=\"Wahlarzt-Ordination f\u00fcr Orthop\u00e4die in 3300 Amstetten von Dr. Eva-Maria Steindl\" \/>\n<meta name=\"robots\" content=\"index, follow, max-snippet:-1, max-image-preview:large, max-video-preview:-1\" \/>\n<link rel=\"canonical\" href=\"https:\/\/www.ordination-steindl.at\/orthopaedie\/kinderorthopaedie\/\" \/>\n<meta property=\"og:locale\" content=\"de_DE\" \/>\n<meta property=\"og:type\" content=\"article\" \/>\n<meta property=\"og:title\" content=\"Kinderorthop\u00e4die - Dr. Eva M. Steindl | Orthop\u00e4die\" \/>\n<meta property=\"og:description\" content=\"Wahlarzt-Ordination f\u00fcr Orthop\u00e4die in 3300 Amstetten von Dr. Eva-Maria Steindl\" \/>\n<meta property=\"og:url\" content=\"https:\/\/www.ordination-steindl.at\/orthopaedie\/kinderorthopaedie\/\" \/>\n<meta property=\"og:site_name\" content=\"Dr. Eva M. Steindl | Orthop\u00e4die\" \/>\n<meta property=\"article:modified_time\" content=\"2018-12-27T16:25:28+00:00\" \/>\n<meta property=\"og:image\" content=\"https:\/\/www.ordination-steindl.at\/orthopaedie\/wp-content\/uploads\/sites\/2\/2018\/09\/Screenshot_FB.png\" \/>\n\t<meta property=\"og:image:width\" content=\"1457\" \/>\n\t<meta property=\"og:image:height\" content=\"765\" \/>\n\t<meta property=\"og:image:type\" content=\"image\/png\" \/>\n<meta name=\"twitter:card\" content=\"summary_large_image\" \/>\n<meta name=\"twitter:label1\" content=\"Gesch\u00e4tzte Lesezeit\" \/>\n\t<meta name=\"twitter:data1\" content=\"3\u00a0Minuten\" \/>\n<script type=\"application\/ld+json\" class=\"yoast-schema-graph\">{\"@context\":\"https:\/\/schema.org\",\"@graph\":[{\"@type\":\"WebPage\",\"@id\":\"https:\/\/www.ordination-steindl.at\/orthopaedie\/kinderorthopaedie\/\",\"url\":\"https:\/\/www.ordination-steindl.at\/orthopaedie\/kinderorthopaedie\/\",\"name\":\"Kinderorthop\u00e4die - Dr. Eva M. Steindl | Orthop\u00e4die\",\"isPartOf\":{\"@id\":\"https:\/\/www.ordination-steindl.at\/orthopaedie\/#website\"},\"datePublished\":\"2018-07-26T11:44:00+00:00\",\"dateModified\":\"2018-12-27T16:25:28+00:00\",\"description\":\"Wahlarzt-Ordination f\u00fcr Orthop\u00e4die in 3300 Amstetten von Dr. Eva-Maria Steindl\",\"breadcrumb\":{\"@id\":\"https:\/\/www.ordination-steindl.at\/orthopaedie\/kinderorthopaedie\/#breadcrumb\"},\"inLanguage\":\"de\",\"potentialAction\":[{\"@type\":\"ReadAction\",\"target\":[\"https:\/\/www.ordination-steindl.at\/orthopaedie\/kinderorthopaedie\/\"]}]},{\"@type\":\"BreadcrumbList\",\"@id\":\"https:\/\/www.ordination-steindl.at\/orthopaedie\/kinderorthopaedie\/#breadcrumb\",\"itemListElement\":[{\"@type\":\"ListItem\",\"position\":1,\"name\":\"Startseite\",\"item\":\"https:\/\/www.ordination-steindl.at\/orthopaedie\/\"},{\"@type\":\"ListItem\",\"position\":2,\"name\":\"Kinderorthop\u00e4die\"}]},{\"@type\":\"WebSite\",\"@id\":\"https:\/\/www.ordination-steindl.at\/orthopaedie\/#website\",\"url\":\"https:\/\/www.ordination-steindl.at\/orthopaedie\/\",\"name\":\"Dr. Eva M. Steindl | Orthop\u00e4die\",\"description\":\"Kinderorthop\u00e4die | Sto\u00dfwellentherapie\",\"potentialAction\":[{\"@type\":\"SearchAction\",\"target\":{\"@type\":\"EntryPoint\",\"urlTemplate\":\"https:\/\/www.ordination-steindl.at\/orthopaedie\/?s={search_term_string}\"},\"query-input\":{\"@type\":\"PropertyValueSpecification\",\"valueRequired\":true,\"valueName\":\"search_term_string\"}}],\"inLanguage\":\"de\"}]}<\/script>\n<!-- \/ Yoast SEO plugin. -->","yoast_head_json":{"title":"Kinderorthop\u00e4die - Dr. Eva M. Steindl | Orthop\u00e4die","description":"Wahlarzt-Ordination f\u00fcr Orthop\u00e4die in 3300 Amstetten von Dr. Eva-Maria Steindl","robots":{"index":"index","follow":"follow","max-snippet":"max-snippet:-1","max-image-preview":"max-image-preview:large","max-video-preview":"max-video-preview:-1"},"canonical":"https:\/\/www.ordination-steindl.at\/orthopaedie\/kinderorthopaedie\/","og_locale":"de_DE","og_type":"article","og_title":"Kinderorthop\u00e4die - Dr. Eva M. Steindl | Orthop\u00e4die","og_description":"Wahlarzt-Ordination f\u00fcr Orthop\u00e4die in 3300 Amstetten von Dr. Eva-Maria Steindl","og_url":"https:\/\/www.ordination-steindl.at\/orthopaedie\/kinderorthopaedie\/","og_site_name":"Dr. Eva M. Steindl | Orthop\u00e4die","article_modified_time":"2018-12-27T16:25:28+00:00","og_image":[{"width":1457,"height":765,"url":"https:\/\/www.ordination-steindl.at\/orthopaedie\/wp-content\/uploads\/sites\/2\/2018\/09\/Screenshot_FB.png","type":"image\/png"}],"twitter_card":"summary_large_image","twitter_misc":{"Gesch\u00e4tzte Lesezeit":"3\u00a0Minuten"},"schema":{"@context":"https:\/\/schema.org","@graph":[{"@type":"WebPage","@id":"https:\/\/www.ordination-steindl.at\/orthopaedie\/kinderorthopaedie\/","url":"https:\/\/www.ordination-steindl.at\/orthopaedie\/kinderorthopaedie\/","name":"Kinderorthop\u00e4die - Dr. Eva M. Steindl | Orthop\u00e4die","isPartOf":{"@id":"https:\/\/www.ordination-steindl.at\/orthopaedie\/#website"},"datePublished":"2018-07-26T11:44:00+00:00","dateModified":"2018-12-27T16:25:28+00:00","description":"Wahlarzt-Ordination f\u00fcr Orthop\u00e4die in 3300 Amstetten von Dr. Eva-Maria Steindl","breadcrumb":{"@id":"https:\/\/www.ordination-steindl.at\/orthopaedie\/kinderorthopaedie\/#breadcrumb"},"inLanguage":"de","potentialAction":[{"@type":"ReadAction","target":["https:\/\/www.ordination-steindl.at\/orthopaedie\/kinderorthopaedie\/"]}]},{"@type":"BreadcrumbList","@id":"https:\/\/www.ordination-steindl.at\/orthopaedie\/kinderorthopaedie\/#breadcrumb","itemListElement":[{"@type":"ListItem","position":1,"name":"Startseite","item":"https:\/\/www.ordination-steindl.at\/orthopaedie\/"},{"@type":"ListItem","position":2,"name":"Kinderorthop\u00e4die"}]},{"@type":"WebSite","@id":"https:\/\/www.ordination-steindl.at\/orthopaedie\/#website","url":"https:\/\/www.ordination-steindl.at\/orthopaedie\/","name":"Dr. Eva M. Steindl | Orthop\u00e4die","description":"Kinderorthop\u00e4die | Sto\u00dfwellentherapie","potentialAction":[{"@type":"SearchAction","target":{"@type":"EntryPoint","urlTemplate":"https:\/\/www.ordination-steindl.at\/orthopaedie\/?s={search_term_string}"},"query-input":{"@type":"PropertyValueSpecification","valueRequired":true,"valueName":"search_term_string"}}],"inLanguage":"de"}]}},"_links":{"self":[{"href":"https:\/\/www.ordination-steindl.at\/orthopaedie\/wp-json\/wp\/v2\/pages\/93","targetHints":{"allow":["GET"]}}],"collection":[{"href":"https:\/\/www.ordination-steindl.at\/orthopaedie\/wp-json\/wp\/v2\/pages"}],"about":[{"href":"https:\/\/www.ordination-steindl.at\/orthopaedie\/wp-json\/wp\/v2\/types\/page"}],"author":[{"embeddable":true,"href":"https:\/\/www.ordination-steindl.at\/orthopaedie\/wp-json\/wp\/v2\/users\/2"}],"replies":[{"embeddable":true,"href":"https:\/\/www.ordination-steindl.at\/orthopaedie\/wp-json\/wp\/v2\/comments?post=93"}],"version-history":[{"count":65,"href":"https:\/\/www.ordination-steindl.at\/orthopaedie\/wp-json\/wp\/v2\/pages\/93\/revisions"}],"predecessor-version":[{"id":377,"href":"https:\/\/www.ordination-steindl.at\/orthopaedie\/wp-json\/wp\/v2\/pages\/93\/revisions\/377"}],"wp:attachment":[{"href":"https:\/\/www.ordination-steindl.at\/orthopaedie\/wp-json\/wp\/v2\/media?parent=93"}],"curies":[{"name":"wp","href":"https:\/\/api.w.org\/{rel}","templated":true}]}}