{"id":12,"date":"2018-08-09T14:51:16","date_gmt":"2018-08-09T12:51:16","guid":{"rendered":"https:\/\/www.ordination-steindl.at\/unfallchirurgie\/?page_id=12"},"modified":"2026-02-11T12:34:55","modified_gmt":"2026-02-11T11:34:55","slug":"dr-gerald-steindl","status":"publish","type":"page","link":"https:\/\/www.ordination-steindl.at\/unfallchirurgie\/","title":{"rendered":"Dr. Gerald Steindl"},"content":{"rendered":"<p>[vc_row css_animation=&#8220;&#8220; row_type=&#8220;row&#8220; use_row_as_full_screen_section=&#8220;no&#8220; type=&#8220;full_width&#8220; angled_section=&#8220;no&#8220; text_align=&#8220;left&#8220; background_image_as_pattern=&#8220;without_pattern&#8220;][vc_column][vc_empty_space][\/vc_column][\/vc_row][vc_row css_animation=&#8220;&#8220; row_type=&#8220;row&#8220; use_row_as_full_screen_section=&#8220;no&#8220; type=&#8220;full_width&#8220; angled_section=&#8220;no&#8220; text_align=&#8220;left&#8220; background_image_as_pattern=&#8220;without_pattern&#8220;][vc_column][vc_row_inner row_type=&#8220;row&#8220; type=&#8220;full_width&#8220; text_align=&#8220;left&#8220; css_animation=&#8220;&#8220;][vc_column_inner width=&#8220;1\/2&#8243;][vc_column_text]<\/p>\n<h1><span style=\"color: #a1abb1;\">dr.<\/span>\u00a0<span style=\"color: #c8d400;\">gerald steindl<\/span><\/h1>\n<p>[\/vc_column_text][vc_separator type=&#8220;normal&#8220; el_class=&#8220;hline20&#8243;][vc_empty_space][vc_column_text]Facharzt f\u00fcr Unfallchirurgie<\/p>\n<p>Facharzt f\u00fcr Orthop\u00e4die und Traumatologie<\/p>\n<p>Spezialisierung f\u00fcr Handchirurgie[\/vc_column_text]<div class='service_table_holder'><ul class='service_table_inner'><li class='service_table_title_holder background_color_type' style='background-color: #f6f6f6;'><div class='service_table_title_inner'><div class='service_table_title_inner2'><\/div><\/div><\/li><li class='service_table_content' style='background-color: #f6f6f6;'><\/p>\n<ul>\n<li style=\"list-style-type: none;\">\n<ul>\n<li style=\"text-align: left;\"><span style=\"color: #c8d400;\">2001-2007 <\/span><br \/>\nStudium an der Medizinischen Universit\u00e4t Wien<\/li>\n<li style=\"text-align: left;\"><span style=\"color: #c8d400;\">2007-2008 <\/span><br \/>\nLehrpraxis f\u00fcr Allgemeinmedizin in Wien<\/li>\n<li style=\"text-align: left;\"><span style=\"color: #c8d400;\">2008-2010 <\/span><br \/>\nTurnusarzt im Krankenhaus der Elisabethinen Linz bzw. im LK Amstetten<\/li>\n<li style=\"text-align: left;\"><span style=\"color: #c8d400;\">2010-2016\u00a0<\/span><br \/>\nFacharztausbildung an der Abteilung f\u00fcr Unfallchirurgie im LK Amstetten\u00a0(Gegenf\u00e4cher im LK Amstetten, LK Scheibbs und am UK St. P\u00f6lten)<br \/>\nFacharzt f\u00fcr Unfallchirurgie<\/li>\n<li style=\"text-align: left;\"><span style=\"color: #c8d400;\">2020\u00a0<\/span><br \/>\nSpezialisierung im Additivfach Handchirurgie<\/li>\n<li style=\"text-align: left;\"><span style=\"color: #c8d400;\">seit 11|2022<\/span><br \/>\nFacharzt f\u00fcr Orthop\u00e4die und Traumatologie<\/li>\n<li style=\"text-align: left;\"><span style=\"color: #c8d400;\">2016-2024<\/span><br \/>\nOberarzt an der Abteilung f\u00fcr Unfallchirurgie bzw. Orthop\u00e4die und Traumatologie LK Amstetten<\/li>\n<li style=\"text-align: left;\"><span style=\"color: #c8d400;\">seit 09|2024<\/span><br \/>\nOberarzt bzw. Leiter Fachschwerpunkt Orthop\u00e4die und Traumatologie LK Waidhofen\/Ybbs<\/li>\n<\/ul>\n<\/li>\n<\/ul>\n<p><\/li><\/ul><\/div>[vc_empty_space height=&#8220;40px&#8220;][vc_column_text]\u00d6AK Fortbildungsdiplom<\/p>\n<p>\u00d6AK Diplom f\u00fcr Notfallmedizin<\/p>\n<p>Mitglied der \u00d6sterreichischen Gesellschaft f\u00fcr Unfallchirurgie (\u00d6GU)<\/p>\n<p>Mitglied der \u00d6sterreichischen Gesellschaft f\u00fcr Handchirurgie (\u00d6GH)[\/vc_column_text][\/vc_column_inner][vc_column_inner width=&#8220;1\/2&#8243;][vc_single_image image=&#8220;112&#8243; img_size=&#8220;full&#8220; onclick=&#8220;custom_link&#8220; qode_css_animation=&#8220;&#8220; qode_hover_animation=&#8220;zoom_in&#8220; link=&#8220;https:\/\/www.ordination-steindl.at\/unfallchirurgie\/handchirurgie\/&#8220;][vc_single_image image=&#8220;48&#8243; img_size=&#8220;full&#8220; alignment=&#8220;center&#8220; onclick=&#8220;custom_link&#8220; qode_css_animation=&#8220;&#8220; qode_hover_animation=&#8220;zoom_in&#8220; link=&#8220;https:\/\/www.ordination-steindl.at\/unfallchirurgie\/allgemeine-unfallchirurgie\/&#8220;][\/vc_column_inner][\/vc_row_inner][\/vc_column][\/vc_row][vc_row css_animation=&#8220;&#8220; row_type=&#8220;row&#8220; use_row_as_full_screen_section=&#8220;no&#8220; type=&#8220;full_width&#8220; angled_section=&#8220;no&#8220; text_align=&#8220;left&#8220; background_image_as_pattern=&#8220;without_pattern&#8220;][vc_column][vc_empty_space][vc_empty_space][\/vc_column][\/vc_row]<\/p>\n","protected":false},"excerpt":{"rendered":"<p>[vc_row css_animation=&#8220;&#8220; row_type=&#8220;row&#8220; use_row_as_full_screen_section=&#8220;no&#8220; type=&#8220;full_width&#8220; angled_section=&#8220;no&#8220; text_align=&#8220;left&#8220; background_image_as_pattern=&#8220;without_pattern&#8220;][vc_column][vc_empty_space][\/vc_column][\/vc_row][vc_row css_animation=&#8220;&#8220; row_type=&#8220;row&#8220; use_row_as_full_screen_section=&#8220;no&#8220; type=&#8220;full_width&#8220; angled_section=&#8220;no&#8220; text_align=&#8220;left&#8220; background_image_as_pattern=&#8220;without_pattern&#8220;][vc_column][vc_row_inner row_type=&#8220;row&#8220; type=&#8220;full_width&#8220; text_align=&#8220;left&#8220; css_animation=&#8220;&#8220;][vc_column_inner width=&#8220;1\/2&#8243;][vc_column_text] dr.\u00a0gerald steindl [\/vc_column_text][vc_separator type=&#8220;normal&#8220; el_class=&#8220;hline20&#8243;][vc_empty_space][vc_column_text]Facharzt f\u00fcr Unfallchirurgie Facharzt f\u00fcr Orthop\u00e4die und Traumatologie Spezialisierung f\u00fcr Handchirurgie[\/vc_column_text][vc_empty_space height=&#8220;40px&#8220;][vc_column_text]\u00d6AK Fortbildungsdiplom \u00d6AK Diplom f\u00fcr Notfallmedizin Mitglied der \u00d6sterreichischen Gesellschaft&#8230;<\/p>\n","protected":false},"author":2,"featured_media":8,"parent":0,"menu_order":0,"comment_status":"closed","ping_status":"closed","template":"","meta":{"footnotes":""},"class_list":["post-12","page","type-page","status-publish","has-post-thumbnail","hentry"],"yoast_head":"<!-- This site is optimized with the Yoast SEO plugin v26.6 - https:\/\/yoast.com\/wordpress\/plugins\/seo\/ -->\n<title>Dr. Gerald Steindl - Dr. Gerald Steindl | Unfallchirurgie<\/title>\n<meta name=\"description\" content=\"Wahlarzt-Ordination f\u00fcr Unfallchirurgie in 3300 Amstetten.\" \/>\n<meta name=\"robots\" content=\"index, follow, max-snippet:-1, max-image-preview:large, max-video-preview:-1\" \/>\n<link rel=\"canonical\" href=\"https:\/\/www.ordination-steindl.at\/unfallchirurgie\/\" \/>\n<meta property=\"og:locale\" content=\"de_DE\" \/>\n<meta property=\"og:type\" content=\"article\" \/>\n<meta property=\"og:title\" content=\"Dr. Gerald Steindl\" \/>\n<meta property=\"og:description\" content=\"Wahlarzt-Ordination f\u00fcr Unfallchirurgie in 3300 Amstetten.\" \/>\n<meta property=\"og:url\" content=\"https:\/\/www.ordination-steindl.at\/unfallchirurgie\/\" \/>\n<meta property=\"og:site_name\" content=\"Dr. Gerald Steindl | Unfallchirurgie\" \/>\n<meta property=\"article:modified_time\" content=\"2026-02-11T11:34:55+00:00\" \/>\n<meta property=\"og:image\" content=\"https:\/\/www.ordination-steindl.at\/unfallchirurgie\/wp-content\/uploads\/sites\/3\/2018\/09\/Screenshot_FB.png\" \/>\n\t<meta property=\"og:image:width\" content=\"1457\" \/>\n\t<meta property=\"og:image:height\" content=\"765\" \/>\n\t<meta property=\"og:image:type\" content=\"image\/png\" \/>\n<meta name=\"twitter:card\" content=\"summary_large_image\" \/>\n<meta name=\"twitter:label1\" content=\"Gesch\u00e4tzte Lesezeit\" \/>\n\t<meta name=\"twitter:data1\" content=\"2\u00a0Minuten\" \/>\n<script type=\"application\/ld+json\" class=\"yoast-schema-graph\">{\"@context\":\"https:\/\/schema.org\",\"@graph\":[{\"@type\":\"WebPage\",\"@id\":\"https:\/\/www.ordination-steindl.at\/unfallchirurgie\/\",\"url\":\"https:\/\/www.ordination-steindl.at\/unfallchirurgie\/\",\"name\":\"Dr. Gerald Steindl - Dr. Gerald Steindl | Unfallchirurgie\",\"isPartOf\":{\"@id\":\"https:\/\/www.ordination-steindl.at\/unfallchirurgie\/#website\"},\"primaryImageOfPage\":{\"@id\":\"https:\/\/www.ordination-steindl.at\/unfallchirurgie\/#primaryimage\"},\"image\":{\"@id\":\"https:\/\/www.ordination-steindl.at\/unfallchirurgie\/#primaryimage\"},\"thumbnailUrl\":\"https:\/\/www.ordination-steindl.at\/unfallchirurgie\/wp-content\/uploads\/sites\/3\/2018\/08\/Logo_291x90.png\",\"datePublished\":\"2018-08-09T12:51:16+00:00\",\"dateModified\":\"2026-02-11T11:34:55+00:00\",\"description\":\"Wahlarzt-Ordination f\u00fcr Unfallchirurgie in 3300 Amstetten.\",\"breadcrumb\":{\"@id\":\"https:\/\/www.ordination-steindl.at\/unfallchirurgie\/#breadcrumb\"},\"inLanguage\":\"de\",\"potentialAction\":[{\"@type\":\"ReadAction\",\"target\":[\"https:\/\/www.ordination-steindl.at\/unfallchirurgie\/\"]}]},{\"@type\":\"ImageObject\",\"inLanguage\":\"de\",\"@id\":\"https:\/\/www.ordination-steindl.at\/unfallchirurgie\/#primaryimage\",\"url\":\"https:\/\/www.ordination-steindl.at\/unfallchirurgie\/wp-content\/uploads\/sites\/3\/2018\/08\/Logo_291x90.png\",\"contentUrl\":\"https:\/\/www.ordination-steindl.at\/unfallchirurgie\/wp-content\/uploads\/sites\/3\/2018\/08\/Logo_291x90.png\",\"width\":291,\"height\":90,\"caption\":\"Logo Ordination Steindl\"},{\"@type\":\"BreadcrumbList\",\"@id\":\"https:\/\/www.ordination-steindl.at\/unfallchirurgie\/#breadcrumb\",\"itemListElement\":[{\"@type\":\"ListItem\",\"position\":1,\"name\":\"Startseite\",\"item\":\"https:\/\/www.ordination-steindl.at\/unfallchirurgie\/\"},{\"@type\":\"ListItem\",\"position\":2,\"name\":\"Dr. Gerald Steindl\"}]},{\"@type\":\"WebSite\",\"@id\":\"https:\/\/www.ordination-steindl.at\/unfallchirurgie\/#website\",\"url\":\"https:\/\/www.ordination-steindl.at\/unfallchirurgie\/\",\"name\":\"Dr. Gerald Steindl | Unfallchirurgie\",\"description\":\"Eine weitere Ordination Steindl Website\",\"publisher\":{\"@id\":\"https:\/\/www.ordination-steindl.at\/unfallchirurgie\/#organization\"},\"potentialAction\":[{\"@type\":\"SearchAction\",\"target\":{\"@type\":\"EntryPoint\",\"urlTemplate\":\"https:\/\/www.ordination-steindl.at\/unfallchirurgie\/?s={search_term_string}\"},\"query-input\":{\"@type\":\"PropertyValueSpecification\",\"valueRequired\":true,\"valueName\":\"search_term_string\"}}],\"inLanguage\":\"de\"},{\"@type\":\"Organization\",\"@id\":\"https:\/\/www.ordination-steindl.at\/unfallchirurgie\/#organization\",\"name\":\"Ordination Steindl\",\"url\":\"https:\/\/www.ordination-steindl.at\/unfallchirurgie\/\",\"logo\":{\"@type\":\"ImageObject\",\"inLanguage\":\"de\",\"@id\":\"https:\/\/www.ordination-steindl.at\/unfallchirurgie\/#\/schema\/logo\/image\/\",\"url\":\"https:\/\/www.ordination-steindl.at\/unfallchirurgie\/wp-content\/uploads\/sites\/3\/2018\/08\/Logo_260x80.png\",\"contentUrl\":\"https:\/\/www.ordination-steindl.at\/unfallchirurgie\/wp-content\/uploads\/sites\/3\/2018\/08\/Logo_260x80.png\",\"width\":259,\"height\":80,\"caption\":\"Ordination Steindl\"},\"image\":{\"@id\":\"https:\/\/www.ordination-steindl.at\/unfallchirurgie\/#\/schema\/logo\/image\/\"}}]}<\/script>\n<!-- \/ Yoast SEO plugin. -->","yoast_head_json":{"title":"Dr. Gerald Steindl - Dr. Gerald Steindl | Unfallchirurgie","description":"Wahlarzt-Ordination f\u00fcr Unfallchirurgie in 3300 Amstetten.","robots":{"index":"index","follow":"follow","max-snippet":"max-snippet:-1","max-image-preview":"max-image-preview:large","max-video-preview":"max-video-preview:-1"},"canonical":"https:\/\/www.ordination-steindl.at\/unfallchirurgie\/","og_locale":"de_DE","og_type":"article","og_title":"Dr. Gerald Steindl","og_description":"Wahlarzt-Ordination f\u00fcr Unfallchirurgie in 3300 Amstetten.","og_url":"https:\/\/www.ordination-steindl.at\/unfallchirurgie\/","og_site_name":"Dr. Gerald Steindl | Unfallchirurgie","article_modified_time":"2026-02-11T11:34:55+00:00","og_image":[{"width":1457,"height":765,"url":"https:\/\/www.ordination-steindl.at\/unfallchirurgie\/wp-content\/uploads\/sites\/3\/2018\/09\/Screenshot_FB.png","type":"image\/png"}],"twitter_card":"summary_large_image","twitter_misc":{"Gesch\u00e4tzte Lesezeit":"2\u00a0Minuten"},"schema":{"@context":"https:\/\/schema.org","@graph":[{"@type":"WebPage","@id":"https:\/\/www.ordination-steindl.at\/unfallchirurgie\/","url":"https:\/\/www.ordination-steindl.at\/unfallchirurgie\/","name":"Dr. Gerald Steindl - Dr. Gerald Steindl | Unfallchirurgie","isPartOf":{"@id":"https:\/\/www.ordination-steindl.at\/unfallchirurgie\/#website"},"primaryImageOfPage":{"@id":"https:\/\/www.ordination-steindl.at\/unfallchirurgie\/#primaryimage"},"image":{"@id":"https:\/\/www.ordination-steindl.at\/unfallchirurgie\/#primaryimage"},"thumbnailUrl":"https:\/\/www.ordination-steindl.at\/unfallchirurgie\/wp-content\/uploads\/sites\/3\/2018\/08\/Logo_291x90.png","datePublished":"2018-08-09T12:51:16+00:00","dateModified":"2026-02-11T11:34:55+00:00","description":"Wahlarzt-Ordination f\u00fcr Unfallchirurgie in 3300 Amstetten.","breadcrumb":{"@id":"https:\/\/www.ordination-steindl.at\/unfallchirurgie\/#breadcrumb"},"inLanguage":"de","potentialAction":[{"@type":"ReadAction","target":["https:\/\/www.ordination-steindl.at\/unfallchirurgie\/"]}]},{"@type":"ImageObject","inLanguage":"de","@id":"https:\/\/www.ordination-steindl.at\/unfallchirurgie\/#primaryimage","url":"https:\/\/www.ordination-steindl.at\/unfallchirurgie\/wp-content\/uploads\/sites\/3\/2018\/08\/Logo_291x90.png","contentUrl":"https:\/\/www.ordination-steindl.at\/unfallchirurgie\/wp-content\/uploads\/sites\/3\/2018\/08\/Logo_291x90.png","width":291,"height":90,"caption":"Logo Ordination Steindl"},{"@type":"BreadcrumbList","@id":"https:\/\/www.ordination-steindl.at\/unfallchirurgie\/#breadcrumb","itemListElement":[{"@type":"ListItem","position":1,"name":"Startseite","item":"https:\/\/www.ordination-steindl.at\/unfallchirurgie\/"},{"@type":"ListItem","position":2,"name":"Dr. Gerald Steindl"}]},{"@type":"WebSite","@id":"https:\/\/www.ordination-steindl.at\/unfallchirurgie\/#website","url":"https:\/\/www.ordination-steindl.at\/unfallchirurgie\/","name":"Dr. Gerald Steindl | Unfallchirurgie","description":"Eine weitere Ordination Steindl Website","publisher":{"@id":"https:\/\/www.ordination-steindl.at\/unfallchirurgie\/#organization"},"potentialAction":[{"@type":"SearchAction","target":{"@type":"EntryPoint","urlTemplate":"https:\/\/www.ordination-steindl.at\/unfallchirurgie\/?s={search_term_string}"},"query-input":{"@type":"PropertyValueSpecification","valueRequired":true,"valueName":"search_term_string"}}],"inLanguage":"de"},{"@type":"Organization","@id":"https:\/\/www.ordination-steindl.at\/unfallchirurgie\/#organization","name":"Ordination Steindl","url":"https:\/\/www.ordination-steindl.at\/unfallchirurgie\/","logo":{"@type":"ImageObject","inLanguage":"de","@id":"https:\/\/www.ordination-steindl.at\/unfallchirurgie\/#\/schema\/logo\/image\/","url":"https:\/\/www.ordination-steindl.at\/unfallchirurgie\/wp-content\/uploads\/sites\/3\/2018\/08\/Logo_260x80.png","contentUrl":"https:\/\/www.ordination-steindl.at\/unfallchirurgie\/wp-content\/uploads\/sites\/3\/2018\/08\/Logo_260x80.png","width":259,"height":80,"caption":"Ordination Steindl"},"image":{"@id":"https:\/\/www.ordination-steindl.at\/unfallchirurgie\/#\/schema\/logo\/image\/"}}]}},"_links":{"self":[{"href":"https:\/\/www.ordination-steindl.at\/unfallchirurgie\/wp-json\/wp\/v2\/pages\/12","targetHints":{"allow":["GET"]}}],"collection":[{"href":"https:\/\/www.ordination-steindl.at\/unfallchirurgie\/wp-json\/wp\/v2\/pages"}],"about":[{"href":"https:\/\/www.ordination-steindl.at\/unfallchirurgie\/wp-json\/wp\/v2\/types\/page"}],"author":[{"embeddable":true,"href":"https:\/\/www.ordination-steindl.at\/unfallchirurgie\/wp-json\/wp\/v2\/users\/2"}],"replies":[{"embeddable":true,"href":"https:\/\/www.ordination-steindl.at\/unfallchirurgie\/wp-json\/wp\/v2\/comments?post=12"}],"version-history":[{"count":31,"href":"https:\/\/www.ordination-steindl.at\/unfallchirurgie\/wp-json\/wp\/v2\/pages\/12\/revisions"}],"predecessor-version":[{"id":188,"href":"https:\/\/www.ordination-steindl.at\/unfallchirurgie\/wp-json\/wp\/v2\/pages\/12\/revisions\/188"}],"wp:featuredmedia":[{"embeddable":true,"href":"https:\/\/www.ordination-steindl.at\/unfallchirurgie\/wp-json\/wp\/v2\/media\/8"}],"wp:attachment":[{"href":"https:\/\/www.ordination-steindl.at\/unfallchirurgie\/wp-json\/wp\/v2\/media?parent=12"}],"curies":[{"name":"wp","href":"https:\/\/api.w.org\/{rel}","templated":true}]}}